{"id":344,"date":"2018-02-05T13:04:04","date_gmt":"2018-02-05T13:04:04","guid":{"rendered":"https:\/\/wplive.site\/wp\/md\/optima\/?page_id=344"},"modified":"2023-01-02T11:21:26","modified_gmt":"2023-01-02T10:21:26","slug":"eksperci","status":"publish","type":"page","link":"https:\/\/iib.org.pl\/index.php\/eksperci\/","title":{"rendered":"Eksperci"},"content":{"rendered":"[vc_row full_width=&#8221;stretch_row_content&#8221; gap=&#8221;35&#8243; full_height=&#8221;yes&#8221; columns_placement=&#8221;bottom&#8221; equal_height=&#8221;yes&#8221; content_placement=&#8221;top&#8221; parallax=&#8221;content-moving&#8221; css=&#8221;.vc_custom_1668685955960{margin-top: -80px !important;margin-right: -60px !important;margin-left: -60px !important;background-image: url(https:\/\/iib.org.pl\/wp-content\/uploads\/2022\/11\/Baner-eksperci.webp?id=1506) !important;}&#8221;][vc_column][gt3_spacing height=&#8221;100px&#8221;][gt3_custom_text css_animation=&#8221;fadeInUpBig&#8221; text_color=&#8221;#feffff&#8221; font_size=&#8221;60&#8243; line_height=&#8221;100&#8243; responsive_font=&#8221;true&#8221; font_size_tablet=&#8221;40&#8243; font_size_mobile=&#8221;25&#8243;]\n<p style=\"text-align: center;\"><strong>Eksperci<\/strong><\/p>\n[\/gt3_custom_text][gt3_spacing height=&#8221;34px&#8221;][gt3_button button_title=&#8221;KONSULTACJA BIZNESOWA&#8221; button_size=&#8221;large&#8221; button_alignment=&#8221;center&#8221; btn_border_radius=&#8221;5px&#8221; btn_border_style=&#8221;none&#8221; css_animation=&#8221;fadeInUp&#8221; css=&#8221;.vc_custom_1669741657008{margin-right: 20px !important;}&#8221; link=&#8221;url:https%3A%2F%2Fiib.org.pl%23formularz_kontaktowy_kotwica|title:Kontakt&#8221;][gt3_spacing height=&#8221;100px&#8221;][\/vc_column][\/vc_row][vc_row full_width=&#8221;stretch_row&#8221; css=&#8221;.vc_custom_1517837737798{background-color: #f6f8f9 !important;}&#8221;][vc_column][gt3_spacing height=&#8221;40px&#8221;][gt3_spacing height=&#8221;14px&#8221;][gt3_custom_text text_color=&#8221;#42474c&#8221; font_size=&#8221;36&#8243;]<strong>Poznaj naszych specjalist\u00f3w<\/strong>[\/gt3_custom_text][gt3_spacing height=&#8221;60px&#8221;][vc_row_inner el_class=&#8221;gt3_isotope-custom-menu&#8221;][vc_column_inner]<div class=\"gt3_team_list\"><div class=\"gt3_team_list__filter isotope-filter\"><a href=\"https:\/\/iib.org.pl\/index.php\/eksperci\/\" data-filter=\".gt3_team_list__item \" class=\"active\">All<\/a><a href=\"https:\/\/iib.org.pl\/index.php\/eksperci\/?team_term_id=45\" data-filter=\".doradztwo-biznesowe\">Doradztwo biznesowe<\/a><\/div><div class=\"gt3_team_list__posts-container row\"  data-build_query=\"size:6|order_by:date\" data-team_style=\"content_on_bottom\" data-posts_per_line=\"3\" data-items_load=\"4\" data-post_count=\"1\"><div class=\"gt3_team_list__grid-sizer span4\"><\/div><div class=\"gt3_team_list__grid-gutter\"><\/div><article class=\"gt3_team_list__item span4 doradztwo-biznesowe gt3_team_list__item--content_on_bottom gt3_team_list__item--1\"><div class=\"gt3_team_list__image-holder\"><a href=\"https:\/\/iib.org.pl\/index.php\/team\/rafalszyc\/\" class=\"gt3_team_list__image_link\"><div class=\"gt3_team_list__image-placeholder\" style=\"padding-bottom:100%;margin-bottom:-100%;background-color:#676669;\"><\/div><img src=\"https:\/\/iib.org.pl\/wp-content\/uploads\/2018\/01\/Projekt-bez-tytulu-23-370x370.png\" srcset=\"https:\/\/iib.org.pl\/wp-content\/uploads\/2018\/01\/Projekt-bez-tytulu-23-370x370.png 370w, https:\/\/iib.org.pl\/wp-content\/uploads\/2018\/01\/Projekt-bez-tytulu-23-297x297.png 297w, https:\/\/iib.org.pl\/wp-content\/uploads\/2018\/01\/Projekt-bez-tytulu-23-223x223.png 223w,https:\/\/iib.org.pl\/wp-content\/uploads\/2018\/01\/Projekt-bez-tytulu-23-420x420.png 420w\" sizes=\"(min-width: 1200px) 370px, (min-width: 992px) 297px, (min-width: 768px) 223px, (max-width: 600px) 420px\" alt=\"\" \/><\/a><div class=\"gt3_team_list_social\"><a href=\"#\" class=\"gt3_team_list_social__item gt3_custom_color fa fa-facebook\" target=\"_blank\" data-hover-color=\"#1e73be\"\"><\/a><a href=\"#\" class=\"gt3_team_list_social__item gt3_custom_color fa fa-twitter\" target=\"_blank\" data-hover-color=\"#4eaac8\"\"><\/a><a href=\"#\" class=\"gt3_team_list_social__item gt3_custom_color fa fa-instagram\" target=\"_blank\" data-hover-color=\"#890c0c\"\"><\/a><a href=\"#\" class=\"gt3_team_list_social__item gt3_custom_color fa fa-google-plus\" target=\"_blank\" data-hover-color=\"#dd3333\"\"><\/a><\/div><\/div><div class=\"gt3_team_list__content\"><a href=\"https:\/\/iib.org.pl\/index.php\/team\/rafalszyc\/\" class=\"gt3_team_list__title_link\"><h3 class=\"gt3_team_list__title\">Rafa\u0142 Szyc<\/h3><\/a><div class=\"gt3_team_list__position\">Finanse &amp; ekonomia<\/div><\/div><\/article><\/div><\/div>[vc_raw_html]JTNDc2NyaXB0JTNFJTBBalF1ZXJ5JTI4JTIyLmlzb3RvcGUtZmlsdGVyJTNFJTNBZmlyc3QtY2hpbGQlMjIlMjAlMjkudGV4dCUyOGZ1bmN0aW9uJTI4JTIwaW5kZXglMjAlMjklMjAlN0IlMEElMjAlMjByZXR1cm4lMjAlMjJXc3p5c2N5JTIyJTNCJTBBJTdEJTI5JTNCJTBBJTNDJTJGc2NyaXB0JTNF[\/vc_raw_html][\/vc_column_inner][\/vc_row_inner][\/vc_column][\/vc_row][vc_row full_width=&#8221;stretch_row&#8221; css=&#8221;.vc_custom_1668433088609{background-color: #0071bc !important;}&#8221;][vc_column][vc_empty_space height=&#8221;2vh&#8221;][vc_cta h2=&#8221;Uzyskaj darmow\u0105 konsultacj\u0119 swojego biznesu&#8221; h2_font_container=&#8221;tag:h2|font_size:36|text_align:left|color:%23ffffff|line_height:1.5&#8243; h2_google_fonts=&#8221;font_family:Lato%3A100%2C100italic%2C300%2C300italic%2Cregular%2Citalic%2C700%2C700italic%2C900%2C900italic|font_style:300%20light%20regular%3A300%3Anormal&#8221; h4_font_container=&#8221;tag:h2|font_size:13|text_align:left|color:%23ffffff|line_height:1.4&#8243; h4_google_fonts=&#8221;font_family:Lato%3A100%2C100italic%2C300%2C300italic%2Cregular%2Citalic%2C700%2C700italic%2C900%2C900italic|font_style:700%20bold%20regular%3A700%3Anormal&#8221; shape=&#8221;square&#8221; style=&#8221;custom&#8221; add_button=&#8221;right&#8221; btn_title=&#8221;DARMOWA KONSULTACJA&#8221; btn_style=&#8221;custom&#8221; btn_custom_background=&#8221;#031350&#8243; btn_custom_text=&#8221;#ffffff&#8221; btn_align=&#8221;right&#8221; use_custom_fonts_h2=&#8221;true&#8221; use_custom_fonts_h4=&#8221;true&#8221; custom_text=&#8221;#ffffff&#8221; btn_link=&#8221;url:https%3A%2F%2Fiib.org.pl%23formularz_kontaktowy_kotwica|title:Kontakt&#8221; custom_background=&#8221;#0071bc&#8221;][\/vc_cta][vc_empty_space height=&#8221;2vh&#8221;][\/vc_column][\/vc_row][vc_row full_width=&#8221;stretch_row&#8221; parallax=&#8221;content-moving&#8221; parallax_image=&#8221;53&#8243;][vc_column][vc_empty_space height=&#8221;5.1vh&#8221;][vc_custom_heading text=&#8221;Rekomendacje&#8221; font_container=&#8221;tag:h2|font_size:14|text_align:center|color:%23ffffff&#8221; google_fonts=&#8221;font_family:Lato%3A100%2C100italic%2C300%2C300italic%2Cregular%2Citalic%2C700%2C700italic%2C900%2C900italic|font_style:700%20bold%20regular%3A700%3Anormal&#8221;][vc_custom_heading text=&#8221;<span>Co m\u00f3wi\u0105 nasi klienci<\/span>&#8221; font_container=&#8221;tag:h2|font_size:36|text_align:center|color:%23ffffff|line_height:1.5&#8243; google_fonts=&#8221;font_family:Lato%3A100%2C100italic%2C300%2C300italic%2Cregular%2Citalic%2C700%2C700italic%2C900%2C900italic|font_style:300%20light%20regular%3A300%3Anormal&#8221;][vc_empty_space height=&#8221;2vh&#8221;][vc_separator color=&#8221;custom&#8221; el_width=&#8221;75px&#8221; accent_color=&#8221;#d9e0e4&#8243;][vc_empty_space height=&#8221;0.5vh&#8221;][vc_empty_space height=&#8221;7.5vh&#8221;][\/vc_column][\/vc_row][vc_row full_width=&#8221;stretch_row&#8221; css=&#8221;.vc_custom_1668760809718{background-color: #0071bc !important;}&#8221;][vc_column][vc_empty_space height=&#8221;1.8vh&#8221;][vc_custom_heading text=&#8221;Subskrybuj nasze tre\u015bci!&#8221; font_container=&#8221;tag:h2|font_size:36|text_align:left|color:%23ffffff|line_height:1.5&#8243; google_fonts=&#8221;font_family:Lato%3A100%2C100italic%2C300%2C300italic%2Cregular%2Citalic%2C700%2C700italic%2C900%2C900italic|font_style:300%20light%20regular%3A300%3Anormal&#8221;][vc_empty_space height=&#8221;2vh&#8221;][vc_raw_html el_class=&#8221;newsletter-podcast&#8221;]JTVCY29udGFjdC1mb3JtLTclMjBpZCUzRCUyMjE1MzQlMjIlMjB0aXRsZSUzRCUyMlphbSVDMyVCM3clMjBuZXdzbGV0dGVyJTIwLSUyMHBvZGthc3QlMjIlNUQ=[\/vc_raw_html][vc_raw_html]JTNDc3R5bGUlM0UlMEElMEEuZmxleC1jb250YWluZXIlMjAlN0IlMEElMjAlMjBkaXNwbGF5JTNBJTIwZmxleCUzQiUwQSUyMCUyMGZsZXgtd3JhcCUzQSUyMHdyYXAlM0IlMEElMjAlMjBjb2xvciUzQSUyM2ZmZmZmZiUzQiUwQSU3RCUwQSUwQS5mbGV4LWl0ZW0tbGVmdCUyMCU3QiUwQSUyMCUyMGZsZXglM0ElMjA0OCUyNSUzQiUwQSU3RCUwQSUwQS5mbGV4LWl0ZW0tY2VudGVyJTIwJTdCJTBBJTIwJTIwZmxleCUzQSUyMDQlMjUlM0IlMEElN0QlMEEuZmxleC1pdGVtLXJpZ2h0JTIwJTdCJTBBJTIwJTIwZmxleCUzQSUyMDQ4JTI1JTNCJTBBJTdEJTBBJTBBaW5wdXQud3BjZjctZm9ybS1jb250cm9sLmhhcy1zcGlubmVyLndwY2Y3LXN1Ym1pdC5rclByenljaXNrV1phbW93TmV3c2xldHRlclpQb2RrYXN0ZW0lMjAlN0IlMEFiYWNrZ3JvdW5kLWNvbG9yJTNBJTIzMDMxMjRjJTIwJTIxaW1wb3J0YW50JTNCJTBBY29sb3IlM0ElMjNmZmZmZmYlM0IlMEFib3JkZXIlM0EwJTNCJTBBJTdEJTBBaW5wdXQud3BjZjctZm9ybS1jb250cm9sLmhhcy1zcGlubmVyLndwY2Y3LXN1Ym1pdC5rclByenljaXNrV1phbW93TmV3c2xldHRlclpQb2RrYXN0ZW0lM0Fob3ZlciUyMCU3QiUwQWJhY2tncm91bmQtY29sb3IlM0ElMjNmZmZmZmYlMjAlMjFpbXBvcnRhbnQlM0IlMEFjb2xvciUzQSUyMzAzMTI0YyUyMCUyMWltcG9ydGFudCUzQiUwQSU3RCUwQSUwQXNwYW4ud3BjZjctbm90LXZhbGlkLXRpcCUyMCUyMCU3QiUwQWNvbG9yJTNBJTIzZjE3NDc0JTIwJTIxaW1wb3J0YW50JTNCJTBBJTdEJTBBJTBBJTQwbWVkaWElMjAlMjhtYXgtd2lkdGglM0ElMjA5OTFweCUyOSUyMCU3QiUwQSUyMCUyMC5mbGV4LWl0ZW0tcmlnaHQlMkMlMjAuZmxleC1pdGVtLWxlZnQlMjAlN0IlMEElMjAlMjAlMjAlMjBmbGV4JTNBJTIwMTAwJTI1JTNCJTBBJTIwJTIwJTIwJTIwcGFkZGluZyUzQTAlM0IlMEElMjAlMjAlN0QlMEEuZmxleC1pdGVtLWNlbnRlciUyMCU3QiUwQWRpc3BsYXklM0Fub25lJTNCJTBBJTdEJTBBJTdEJTBBJTNDJTJGc3R5bGUlM0U=[\/vc_raw_html][vc_empty_space height=&#8221;2vh&#8221;][\/vc_column][\/vc_row]\n","protected":false},"excerpt":{"rendered":"<p>[vc_row full_width=&#8221;stretch_row_content&#8221; gap=&#8221;35&#8243; full_height=&#8221;yes&#8221; columns_placement=&#8221;bottom&#8221; equal_height=&#8221;yes&#8221; content_placement=&#8221;top&#8221; parallax=&#8221;content-moving&#8221; css=&#8221;.vc_custom_1668685955960{margin-top: -80px !important;margin-right: -60px !important;margin-left: -60px !important;background-image: url(https:\/\/iib.org.pl\/wp-content\/uploads\/2022\/11\/Baner-eksperci.webp?id=1506) !important;}&#8221;][vc_column][gt3_spacing height=&#8221;100px&#8221;][gt3_custom_text css_animation=&#8221;fadeInUpBig&#8221; text_color=&#8221;#feffff&#8221; font_size=&#8221;60&#8243; line_height=&#8221;100&#8243; responsive_font=&#8221;true&#8221; font_size_tablet=&#8221;40&#8243; font_size_mobile=&#8221;25&#8243;] Eksperci [\/gt3_custom_text][gt3_spacing height=&#8221;34px&#8221;][gt3_button button_title=&#8221;KONSULTACJA BIZNESOWA&#8221; button_size=&#8221;large&#8221; button_alignment=&#8221;center&#8221; btn_border_radius=&#8221;5px&#8221; btn_border_style=&#8221;none&#8221; css_animation=&#8221;fadeInUp&#8221; css=&#8221;.vc_custom_1669741657008{margin-right: 20px !important;}&#8221; link=&#8221;url:https%3A%2F%2Fiib.org.pl%23formularz_kontaktowy_kotwica|title:Kontakt&#8221;][gt3_spacing height=&#8221;100px&#8221;][\/vc_column][\/vc_row][vc_row full_width=&#8221;stretch_row&#8221; css=&#8221;.vc_custom_1517837737798{background-color: #f6f8f9 !important;}&#8221;][vc_column][gt3_spacing height=&#8221;40px&#8221;][gt3_spacing height=&#8221;14px&#8221;][gt3_custom_text text_color=&#8221;#42474c&#8221; font_size=&#8221;36&#8243;]Poznaj naszych specjalist\u00f3w[\/gt3_custom_text][gt3_spacing height=&#8221;60px&#8221;][vc_row_inner el_class=&#8221;gt3_isotope-custom-menu&#8221;][vc_column_inner][vc_raw_html]JTNDc2NyaXB0JTNFJTBBalF1ZXJ5JTI4JTIyLmlzb3RvcGUtZmlsdGVyJTNFJTNBZmlyc3QtY2hpbGQlMjIlMjAlMjkudGV4dCUyOGZ1bmN0aW9uJTI4JTIwaW5kZXglMjAlMjklMjAlN0IlMEElMjAlMjByZXR1cm4lMjAlMjJXc3p5c2N5JTIyJTNCJTBBJTdEJTI5JTNCJTBBJTNDJTJGc2NyaXB0JTNF[\/vc_raw_html][\/vc_column_inner][\/vc_row_inner][\/vc_column][\/vc_row][vc_row full_width=&#8221;stretch_row&#8221; css=&#8221;.vc_custom_1668433088609{background-color: #0071bc [&hellip;]<\/p>\n","protected":false},"author":1,"featured_media":0,"parent":0,"menu_order":0,"comment_status":"closed","ping_status":"closed","template":"","meta":[],"yoast_head":"<!-- This site is optimized with the Yoast SEO plugin v19.11 - https:\/\/yoast.com\/wordpress\/plugins\/seo\/ -->\n<title>Eksperci - Instytut Inicjatyw Biznesu<\/title>\n<meta name=\"robots\" content=\"index, follow, max-snippet:-1, max-image-preview:large, max-video-preview:-1\" \/>\n<link rel=\"canonical\" href=\"https:\/\/iib.org.pl\/index.php\/eksperci\/\" \/>\n<meta property=\"og:locale\" content=\"pl_PL\" \/>\n<meta property=\"og:type\" content=\"article\" \/>\n<meta property=\"og:title\" content=\"Eksperci - Instytut Inicjatyw Biznesu\" \/>\n<meta property=\"og:description\" content=\"[vc_row full_width=&#8221;stretch_row_content&#8221; gap=&#8221;35&#8243; full_height=&#8221;yes&#8221; columns_placement=&#8221;bottom&#8221; equal_height=&#8221;yes&#8221; content_placement=&#8221;top&#8221; parallax=&#8221;content-moving&#8221; css=&#8221;.vc_custom_1668685955960{margin-top: -80px !important;margin-right: -60px !important;margin-left: -60px !important;background-image: url(https:\/\/iib.org.pl\/wp-content\/uploads\/2022\/11\/Baner-eksperci.webp?id=1506) !important;}&#8221;][vc_column][gt3_spacing height=&#8221;100px&#8221;][gt3_custom_text css_animation=&#8221;fadeInUpBig&#8221; text_color=&#8221;#feffff&#8221; font_size=&#8221;60&#8243; line_height=&#8221;100&#8243; responsive_font=&#8221;true&#8221; font_size_tablet=&#8221;40&#8243; font_size_mobile=&#8221;25&#8243;] Eksperci [\/gt3_custom_text][gt3_spacing height=&#8221;34px&#8221;][gt3_button button_title=&#8221;KONSULTACJA BIZNESOWA&#8221; button_size=&#8221;large&#8221; button_alignment=&#8221;center&#8221; btn_border_radius=&#8221;5px&#8221; btn_border_style=&#8221;none&#8221; css_animation=&#8221;fadeInUp&#8221; css=&#8221;.vc_custom_1669741657008{margin-right: 20px !important;}&#8221; link=&#8221;url:https%3A%2F%2Fiib.org.pl%23formularz_kontaktowy_kotwica|title:Kontakt&#8221;][gt3_spacing height=&#8221;100px&#8221;][\/vc_column][\/vc_row][vc_row full_width=&#8221;stretch_row&#8221; css=&#8221;.vc_custom_1517837737798{background-color: #f6f8f9 !important;}&#8221;][vc_column][gt3_spacing height=&#8221;40px&#8221;][gt3_spacing height=&#8221;14px&#8221;][gt3_custom_text text_color=&#8221;#42474c&#8221; font_size=&#8221;36&#8243;]Poznaj naszych specjalist\u00f3w[\/gt3_custom_text][gt3_spacing height=&#8221;60px&#8221;][vc_row_inner el_class=&#8221;gt3_isotope-custom-menu&#8221;][vc_column_inner][vc_raw_html]JTNDc2NyaXB0JTNFJTBBalF1ZXJ5JTI4JTIyLmlzb3RvcGUtZmlsdGVyJTNFJTNBZmlyc3QtY2hpbGQlMjIlMjAlMjkudGV4dCUyOGZ1bmN0aW9uJTI4JTIwaW5kZXglMjAlMjklMjAlN0IlMEElMjAlMjByZXR1cm4lMjAlMjJXc3p5c2N5JTIyJTNCJTBBJTdEJTI5JTNCJTBBJTNDJTJGc2NyaXB0JTNF[\/vc_raw_html][\/vc_column_inner][\/vc_row_inner][\/vc_column][\/vc_row][vc_row full_width=&#8221;stretch_row&#8221; css=&#8221;.vc_custom_1668433088609{background-color: #0071bc [&hellip;]\" \/>\n<meta property=\"og:url\" content=\"https:\/\/iib.org.pl\/index.php\/eksperci\/\" \/>\n<meta property=\"og:site_name\" content=\"Instytut Inicjatyw Biznesu\" \/>\n<meta property=\"article:publisher\" content=\"https:\/\/www.facebook.com\/Instytut.Inicjatyw.Biznesu\" \/>\n<meta property=\"article:modified_time\" content=\"2023-01-02T10:21:26+00:00\" \/>\n<meta name=\"twitter:card\" content=\"summary_large_image\" \/>\n<meta name=\"twitter:site\" content=\"@BiznesuInstytut\" \/>\n<meta name=\"twitter:label1\" content=\"Szacowany czas czytania\" \/>\n\t<meta name=\"twitter:data1\" content=\"1 minuta\" \/>\n<script type=\"application\/ld+json\" class=\"yoast-schema-graph\">{\"@context\":\"https:\/\/schema.org\",\"@graph\":[{\"@type\":\"WebPage\",\"@id\":\"https:\/\/iib.org.pl\/index.php\/eksperci\/\",\"url\":\"https:\/\/iib.org.pl\/index.php\/eksperci\/\",\"name\":\"Eksperci - Instytut Inicjatyw Biznesu\",\"isPartOf\":{\"@id\":\"https:\/\/iib.org.pl\/#website\"},\"datePublished\":\"2018-02-05T13:04:04+00:00\",\"dateModified\":\"2023-01-02T10:21:26+00:00\",\"breadcrumb\":{\"@id\":\"https:\/\/iib.org.pl\/index.php\/eksperci\/#breadcrumb\"},\"inLanguage\":\"pl-PL\",\"potentialAction\":[{\"@type\":\"ReadAction\",\"target\":[\"https:\/\/iib.org.pl\/index.php\/eksperci\/\"]}]},{\"@type\":\"BreadcrumbList\",\"@id\":\"https:\/\/iib.org.pl\/index.php\/eksperci\/#breadcrumb\",\"itemListElement\":[{\"@type\":\"ListItem\",\"position\":1,\"name\":\"Strona g\u0142\u00f3wna\",\"item\":\"https:\/\/iib.org.pl\/\"},{\"@type\":\"ListItem\",\"position\":2,\"name\":\"Eksperci\"}]},{\"@type\":\"WebSite\",\"@id\":\"https:\/\/iib.org.pl\/#website\",\"url\":\"https:\/\/iib.org.pl\/\",\"name\":\"Instytut Inicjatyw Biznesu\",\"description\":\"Jeste\u015bmy przekonani, \u017ce prawdziwa transformacja MSP to proces, pracujemy dla Was kompleksowo. Realizujemy konsultacje biznesowe, przeprowadzamy audyt, wsp\u00f3lnie tworzymy projekt i strategi\u0119, wdra\u017camy autorskie narz\u0119dzia analityczne i digitalizujemy obszary Twojej firmy. Uzupe\u0142niamy Twoje kompetencj\u0119, stawiaj\u0105c do dyspozycji zesp\u00f3\u0142 ekspercki aby\u015b nie opiera\u0142 si\u0119 na intuicji a efektywnie rozwija\u0142 firm\u0119.\",\"publisher\":{\"@id\":\"https:\/\/iib.org.pl\/#organization\"},\"potentialAction\":[{\"@type\":\"SearchAction\",\"target\":{\"@type\":\"EntryPoint\",\"urlTemplate\":\"https:\/\/iib.org.pl\/?s={search_term_string}\"},\"query-input\":\"required name=search_term_string\"}],\"inLanguage\":\"pl-PL\"},{\"@type\":\"Organization\",\"@id\":\"https:\/\/iib.org.pl\/#organization\",\"name\":\"Instytut Inicjatyw Biznesu\",\"url\":\"https:\/\/iib.org.pl\/\",\"logo\":{\"@type\":\"ImageObject\",\"inLanguage\":\"pl-PL\",\"@id\":\"https:\/\/iib.org.pl\/#\/schema\/logo\/image\/\",\"url\":\"https:\/\/iib.org.pl\/wp-content\/uploads\/2022\/11\/iiblogo.png\",\"contentUrl\":\"https:\/\/iib.org.pl\/wp-content\/uploads\/2022\/11\/iiblogo.png\",\"width\":171,\"height\":80,\"caption\":\"Instytut Inicjatyw Biznesu\"},\"image\":{\"@id\":\"https:\/\/iib.org.pl\/#\/schema\/logo\/image\/\"},\"sameAs\":[\"https:\/\/www.linkedin.com\/uas\/login?session_redirect=httpswww.linkedin.comcompanyinstytut-inicjatyw-biznesuaboutviewAsMembertrue\",\"https:\/\/www.youtube.com\/channel\/UC7Z5-LUhh15BNbSciDBWt4A\",\"https:\/\/www.facebook.com\/Instytut.Inicjatyw.Biznesu\",\"https:\/\/twitter.com\/BiznesuInstytut\"]}]}<\/script>\n<!-- \/ Yoast SEO plugin. -->","yoast_head_json":{"title":"Eksperci - Instytut Inicjatyw Biznesu","robots":{"index":"index","follow":"follow","max-snippet":"max-snippet:-1","max-image-preview":"max-image-preview:large","max-video-preview":"max-video-preview:-1"},"canonical":"https:\/\/iib.org.pl\/index.php\/eksperci\/","og_locale":"pl_PL","og_type":"article","og_title":"Eksperci - Instytut Inicjatyw Biznesu","og_description":"[vc_row full_width=&#8221;stretch_row_content&#8221; gap=&#8221;35&#8243; full_height=&#8221;yes&#8221; columns_placement=&#8221;bottom&#8221; equal_height=&#8221;yes&#8221; content_placement=&#8221;top&#8221; parallax=&#8221;content-moving&#8221; css=&#8221;.vc_custom_1668685955960{margin-top: -80px !important;margin-right: -60px !important;margin-left: -60px !important;background-image: url(https:\/\/iib.org.pl\/wp-content\/uploads\/2022\/11\/Baner-eksperci.webp?id=1506) !important;}&#8221;][vc_column][gt3_spacing height=&#8221;100px&#8221;][gt3_custom_text css_animation=&#8221;fadeInUpBig&#8221; text_color=&#8221;#feffff&#8221; font_size=&#8221;60&#8243; line_height=&#8221;100&#8243; responsive_font=&#8221;true&#8221; font_size_tablet=&#8221;40&#8243; font_size_mobile=&#8221;25&#8243;] Eksperci [\/gt3_custom_text][gt3_spacing height=&#8221;34px&#8221;][gt3_button button_title=&#8221;KONSULTACJA BIZNESOWA&#8221; button_size=&#8221;large&#8221; button_alignment=&#8221;center&#8221; btn_border_radius=&#8221;5px&#8221; btn_border_style=&#8221;none&#8221; css_animation=&#8221;fadeInUp&#8221; css=&#8221;.vc_custom_1669741657008{margin-right: 20px !important;}&#8221; link=&#8221;url:https%3A%2F%2Fiib.org.pl%23formularz_kontaktowy_kotwica|title:Kontakt&#8221;][gt3_spacing height=&#8221;100px&#8221;][\/vc_column][\/vc_row][vc_row full_width=&#8221;stretch_row&#8221; css=&#8221;.vc_custom_1517837737798{background-color: #f6f8f9 !important;}&#8221;][vc_column][gt3_spacing height=&#8221;40px&#8221;][gt3_spacing height=&#8221;14px&#8221;][gt3_custom_text text_color=&#8221;#42474c&#8221; font_size=&#8221;36&#8243;]Poznaj naszych specjalist\u00f3w[\/gt3_custom_text][gt3_spacing height=&#8221;60px&#8221;][vc_row_inner el_class=&#8221;gt3_isotope-custom-menu&#8221;][vc_column_inner][vc_raw_html]JTNDc2NyaXB0JTNFJTBBalF1ZXJ5JTI4JTIyLmlzb3RvcGUtZmlsdGVyJTNFJTNBZmlyc3QtY2hpbGQlMjIlMjAlMjkudGV4dCUyOGZ1bmN0aW9uJTI4JTIwaW5kZXglMjAlMjklMjAlN0IlMEElMjAlMjByZXR1cm4lMjAlMjJXc3p5c2N5JTIyJTNCJTBBJTdEJTI5JTNCJTBBJTNDJTJGc2NyaXB0JTNF[\/vc_raw_html][\/vc_column_inner][\/vc_row_inner][\/vc_column][\/vc_row][vc_row full_width=&#8221;stretch_row&#8221; css=&#8221;.vc_custom_1668433088609{background-color: #0071bc [&hellip;]","og_url":"https:\/\/iib.org.pl\/index.php\/eksperci\/","og_site_name":"Instytut Inicjatyw Biznesu","article_publisher":"https:\/\/www.facebook.com\/Instytut.Inicjatyw.Biznesu","article_modified_time":"2023-01-02T10:21:26+00:00","twitter_card":"summary_large_image","twitter_site":"@BiznesuInstytut","twitter_misc":{"Szacowany czas czytania":"1 minuta"},"schema":{"@context":"https:\/\/schema.org","@graph":[{"@type":"WebPage","@id":"https:\/\/iib.org.pl\/index.php\/eksperci\/","url":"https:\/\/iib.org.pl\/index.php\/eksperci\/","name":"Eksperci - Instytut Inicjatyw Biznesu","isPartOf":{"@id":"https:\/\/iib.org.pl\/#website"},"datePublished":"2018-02-05T13:04:04+00:00","dateModified":"2023-01-02T10:21:26+00:00","breadcrumb":{"@id":"https:\/\/iib.org.pl\/index.php\/eksperci\/#breadcrumb"},"inLanguage":"pl-PL","potentialAction":[{"@type":"ReadAction","target":["https:\/\/iib.org.pl\/index.php\/eksperci\/"]}]},{"@type":"BreadcrumbList","@id":"https:\/\/iib.org.pl\/index.php\/eksperci\/#breadcrumb","itemListElement":[{"@type":"ListItem","position":1,"name":"Strona g\u0142\u00f3wna","item":"https:\/\/iib.org.pl\/"},{"@type":"ListItem","position":2,"name":"Eksperci"}]},{"@type":"WebSite","@id":"https:\/\/iib.org.pl\/#website","url":"https:\/\/iib.org.pl\/","name":"Instytut Inicjatyw Biznesu","description":"Jeste\u015bmy przekonani, \u017ce prawdziwa transformacja MSP to proces, pracujemy dla Was kompleksowo. Realizujemy konsultacje biznesowe, przeprowadzamy audyt, wsp\u00f3lnie tworzymy projekt i strategi\u0119, wdra\u017camy autorskie narz\u0119dzia analityczne i digitalizujemy obszary Twojej firmy. Uzupe\u0142niamy Twoje kompetencj\u0119, stawiaj\u0105c do dyspozycji zesp\u00f3\u0142 ekspercki aby\u015b nie opiera\u0142 si\u0119 na intuicji a efektywnie rozwija\u0142 firm\u0119.","publisher":{"@id":"https:\/\/iib.org.pl\/#organization"},"potentialAction":[{"@type":"SearchAction","target":{"@type":"EntryPoint","urlTemplate":"https:\/\/iib.org.pl\/?s={search_term_string}"},"query-input":"required name=search_term_string"}],"inLanguage":"pl-PL"},{"@type":"Organization","@id":"https:\/\/iib.org.pl\/#organization","name":"Instytut Inicjatyw Biznesu","url":"https:\/\/iib.org.pl\/","logo":{"@type":"ImageObject","inLanguage":"pl-PL","@id":"https:\/\/iib.org.pl\/#\/schema\/logo\/image\/","url":"https:\/\/iib.org.pl\/wp-content\/uploads\/2022\/11\/iiblogo.png","contentUrl":"https:\/\/iib.org.pl\/wp-content\/uploads\/2022\/11\/iiblogo.png","width":171,"height":80,"caption":"Instytut Inicjatyw Biznesu"},"image":{"@id":"https:\/\/iib.org.pl\/#\/schema\/logo\/image\/"},"sameAs":["https:\/\/www.linkedin.com\/uas\/login?session_redirect=httpswww.linkedin.comcompanyinstytut-inicjatyw-biznesuaboutviewAsMembertrue","https:\/\/www.youtube.com\/channel\/UC7Z5-LUhh15BNbSciDBWt4A","https:\/\/www.facebook.com\/Instytut.Inicjatyw.Biznesu","https:\/\/twitter.com\/BiznesuInstytut"]}]}},"_links":{"self":[{"href":"https:\/\/iib.org.pl\/index.php\/wp-json\/wp\/v2\/pages\/344"}],"collection":[{"href":"https:\/\/iib.org.pl\/index.php\/wp-json\/wp\/v2\/pages"}],"about":[{"href":"https:\/\/iib.org.pl\/index.php\/wp-json\/wp\/v2\/types\/page"}],"author":[{"embeddable":true,"href":"https:\/\/iib.org.pl\/index.php\/wp-json\/wp\/v2\/users\/1"}],"replies":[{"embeddable":true,"href":"https:\/\/iib.org.pl\/index.php\/wp-json\/wp\/v2\/comments?post=344"}],"version-history":[{"count":23,"href":"https:\/\/iib.org.pl\/index.php\/wp-json\/wp\/v2\/pages\/344\/revisions"}],"predecessor-version":[{"id":1858,"href":"https:\/\/iib.org.pl\/index.php\/wp-json\/wp\/v2\/pages\/344\/revisions\/1858"}],"wp:attachment":[{"href":"https:\/\/iib.org.pl\/index.php\/wp-json\/wp\/v2\/media?parent=344"}],"curies":[{"name":"wp","href":"https:\/\/api.w.org\/{rel}","templated":true}]}}