{"id":132,"date":"2018-01-31T13:23:33","date_gmt":"2018-01-31T13:23:33","guid":{"rendered":"https:\/\/wplive.site\/wp\/md\/optima\/?page_id=132"},"modified":"2022-11-29T18:09:18","modified_gmt":"2022-11-29T17:09:18","slug":"kontakt","status":"publish","type":"page","link":"https:\/\/iib.org.pl\/index.php\/kontakt\/","title":{"rendered":"Kontakt"},"content":{"rendered":"[vc_row full_width=&#8221;stretch_row_content&#8221; gap=&#8221;35&#8243; full_height=&#8221;yes&#8221; columns_placement=&#8221;bottom&#8221; equal_height=&#8221;yes&#8221; content_placement=&#8221;top&#8221; parallax=&#8221;content-moving&#8221; css=&#8221;.vc_custom_1668687038763{margin-top: -80px !important;margin-right: -60px !important;margin-left: -60px !important;background-image: url(https:\/\/iib.org.pl\/wp-content\/uploads\/2022\/11\/Baner-kontakt.webp?id=1519) !important;}&#8221;][vc_column][gt3_spacing height=&#8221;150px&#8221;][gt3_custom_text css_animation=&#8221;fadeInUpBig&#8221; text_color=&#8221;#feffff&#8221; font_size=&#8221;60&#8243; line_height=&#8221;100&#8243; responsive_font=&#8221;true&#8221; font_size_tablet=&#8221;40&#8243; font_size_mobile=&#8221;25&#8243;]\n<p style=\"text-align: center;\"><strong>Kontakt<\/strong><\/p>\n[\/gt3_custom_text][gt3_spacing height=&#8221;34px&#8221;][gt3_button button_title=&#8221;KONSULTACJA BIZNESOWA&#8221; button_size=&#8221;large&#8221; button_alignment=&#8221;center&#8221; btn_border_radius=&#8221;5px&#8221; btn_border_style=&#8221;none&#8221; css_animation=&#8221;fadeInUp&#8221; css=&#8221;.vc_custom_1669741755561{margin-right: 20px !important;}&#8221; link=&#8221;url:https%3A%2F%2Fiib.org.pl%23formularz_kontaktowy_kotwica|title:Kontakt&#8221;][gt3_spacing height=&#8221;170px&#8221;][\/vc_column][\/vc_row][vc_row full_width=&#8221;stretch_row&#8221;][vc_column width=&#8221;1\/2&#8243;][vc_empty_space height=&#8221;7.5vh&#8221;][vc_custom_heading text=&#8221;DANE KONTAKTOWE&#8221; font_container=&#8221;tag:h2|font_size:14|text_align:left|color:%235c656d|line_height:1.5&#8243; google_fonts=&#8221;font_family:Lato%3A100%2C100italic%2C300%2C300italic%2Cregular%2Citalic%2C700%2C700italic%2C900%2C900italic|font_style:700%20bold%20regular%3A700%3Anormal&#8221;][gt3_spacing height=&#8221;20px&#8221;][gt3_custom_text text_color=&#8221;&#8221; font_size=&#8221;18&#8243; line_height=&#8221;165&#8243; use_theme_fonts=&#8221;&#8221; google_fonts_text=&#8221;font_family:Lato%3A100%2C100italic%2C300%2C300italic%2Cregular%2Citalic%2C700%2C700italic%2C900%2C900italic|font_style:400%20regular%3A400%3Anormal&#8221;]Fundacja Instytut Inicjatyw Biznesu[\/gt3_custom_text][gt3_spacing height=&#8221;25px&#8221;][gt3_custom_text text_color=&#8221;#42474c&#8221; font_size=&#8221;16&#8243; line_height=&#8221;165&#8243; use_theme_fonts=&#8221;&#8221; google_fonts_text=&#8221;font_family:Lato%3A100%2C100italic%2C300%2C300italic%2Cregular%2Citalic%2C700%2C700italic%2C900%2C900italic|font_style:300%20light%20regular%3A300%3Anormal&#8221;]KRS: 0000999433<br \/>\nNIP:\u00a05372670277<br \/>\nREGON:\u00a0523494780[\/gt3_custom_text][gt3_spacing height=&#8221;16px&#8221;][gt3_custom_text text_color=&#8221;#5c656d&#8221; font_size=&#8221;20&#8243; use_theme_fonts=&#8221;&#8221; google_fonts_text=&#8221;font_family:Lato%3A100%2C100italic%2C300%2C300italic%2Cregular%2Citalic%2C700%2C700italic%2C900%2C900italic|font_style:400%20regular%3A400%3Anormal&#8221; responsive_font=&#8221;true&#8221; font_size_mobile=&#8221;17&#8243;]<i class=\"fa fa-phone\" style=\"margin-right: 18px; color: #0071bc;\"><\/i>884 800 034[\/gt3_custom_text][gt3_custom_text text_color=&#8221;#5c656d&#8221; font_size=&#8221;20&#8243; use_theme_fonts=&#8221;&#8221; google_fonts_text=&#8221;font_family:Lato%3A100%2C100italic%2C300%2C300italic%2Cregular%2Citalic%2C700%2C700italic%2C900%2C900italic|font_style:400%20regular%3A400%3Anormal&#8221; responsive_font=&#8221;true&#8221; font_size_mobile=&#8221;17&#8243;]<i class=\"fa fa-phone\" style=\"margin-right: 18px; color: #0071bc;\"><\/i>535 007 074[\/gt3_custom_text][vc_empty_space height=&#8221;4.1vh&#8221;][\/vc_column][vc_column width=&#8221;1\/2&#8243; css=&#8221;.vc_custom_1519112469382{padding-left: 30px !important;}&#8221;][vc_empty_space height=&#8221;7.5vh&#8221;]<div role=\"form\" class=\"wpcf7\" id=\"wpcf7-f1283-o1\" lang=\"en-US\" dir=\"ltr\">\n<div class=\"screen-reader-response\"><p role=\"status\" aria-live=\"polite\" aria-atomic=\"true\"><\/p> <ul><\/ul><\/div>\n<form action=\"\/index.php\/wp-json\/wp\/v2\/pages\/132#wpcf7-f1283-o1\" method=\"post\" class=\"wpcf7-form init\" novalidate=\"novalidate\" data-status=\"init\">\n<div style=\"display: none;\">\n<input type=\"hidden\" name=\"_wpcf7\" value=\"1283\" \/>\n<input type=\"hidden\" name=\"_wpcf7_version\" value=\"5.6.4\" \/>\n<input type=\"hidden\" name=\"_wpcf7_locale\" value=\"en_US\" \/>\n<input type=\"hidden\" name=\"_wpcf7_unit_tag\" value=\"wpcf7-f1283-o1\" \/>\n<input type=\"hidden\" name=\"_wpcf7_container_post\" value=\"0\" \/>\n<input type=\"hidden\" name=\"_wpcf7_posted_data_hash\" value=\"\" \/>\n<\/div>\n<div class=\"vc_row wpb_row vc_row-fluid\">\n<div class=\"wpb_column vc_column_container vc_col-sm-6\">\n<div class=\"vc_column-inner\"><span class=\"wpcf7-form-control-wrap\" data-name=\"your-name\"><input type=\"text\" name=\"your-name\" value=\"\" size=\"40\" class=\"wpcf7-form-control wpcf7-text wpcf7-validates-as-required\" aria-required=\"true\" aria-invalid=\"false\" placeholder=\"Imi\u0119 *\" \/><\/span><\/div>\n<\/div>\n<div class=\"wpb_column vc_column_container vc_col-sm-6\">\n<div class=\"vc_column-inner\"><span class=\"wpcf7-form-control-wrap\" data-name=\"your-email\"><input type=\"email\" name=\"your-email\" value=\"\" size=\"40\" class=\"wpcf7-form-control wpcf7-text wpcf7-email wpcf7-validates-as-required wpcf7-validates-as-email\" aria-required=\"true\" aria-invalid=\"false\" placeholder=\"Email *\" \/><\/span><\/div>\n<\/div>\n<div class=\"wpb_column vc_column_container vc_col-sm-12\">\n<div class=\"vc_column-inner\"><span class=\"wpcf7-form-control-wrap\" data-name=\"your-subject\"><input type=\"text\" name=\"your-subject\" value=\"\" size=\"40\" class=\"wpcf7-form-control wpcf7-text wpcf7-validates-as-required\" aria-required=\"true\" aria-invalid=\"false\" placeholder=\"Temat *\" \/><\/span><\/div>\n<\/div>\n<div class=\"wpb_column vc_column_container vc_col-sm-12\">\n<div class=\"vc_column-inner\"><span class=\"wpcf7-form-control-wrap\" data-name=\"your-message\"><textarea name=\"your-message\" cols=\"40\" rows=\"10\" class=\"wpcf7-form-control wpcf7-textarea wpcf7-validates-as-required\" aria-required=\"true\" aria-invalid=\"false\" placeholder=\"Tre\u015b\u0107 wiadomo\u015bci *\"><\/textarea><\/span><\/div>\n<\/div>\n<\/div>\n<p><input type=\"submit\" value=\"Wy\u015blij wiadomo\u015b\u0107\" class=\"wpcf7-form-control has-spinner wpcf7-submit\" \/><\/p>\n<div class=\"wpcf7-response-output\" aria-hidden=\"true\"><\/div><\/form><\/div>[vc_empty_space height=&#8221;7.5vh&#8221;][\/vc_column][\/vc_row][vc_row full_width=&#8221;stretch_row&#8221; css=&#8221;.vc_custom_1668760999712{background-color: #0071bc !important;}&#8221;][vc_column][vc_empty_space height=&#8221;1.8vh&#8221;][vc_custom_heading text=&#8221;Subskrybuj nasze tre\u015bci!&#8221; font_container=&#8221;tag:h2|font_size:36|text_align:left|color:%23ffffff|line_height:1.5&#8243; google_fonts=&#8221;font_family:Lato%3A100%2C100italic%2C300%2C300italic%2Cregular%2Citalic%2C700%2C700italic%2C900%2C900italic|font_style:300%20light%20regular%3A300%3Anormal&#8221;][vc_empty_space height=&#8221;2vh&#8221;][vc_raw_html el_class=&#8221;newsletter-podcast&#8221;]JTVCY29udGFjdC1mb3JtLTclMjBpZCUzRCUyMjE1MzQlMjIlMjB0aXRsZSUzRCUyMlphbSVDMyVCM3clMjBuZXdzbGV0dGVyJTIwLSUyMHBvZGthc3QlMjIlNUQ=[\/vc_raw_html][vc_raw_html]JTNDc3R5bGUlM0UlMEElMEEuZmxleC1jb250YWluZXIlMjAlN0IlMEElMjAlMjBkaXNwbGF5JTNBJTIwZmxleCUzQiUwQSUyMCUyMGZsZXgtd3JhcCUzQSUyMHdyYXAlM0IlMEElMjAlMjBjb2xvciUzQSUyM2ZmZmZmZiUzQiUwQSU3RCUwQSUwQS5mbGV4LWl0ZW0tbGVmdCUyMCU3QiUwQSUyMCUyMGZsZXglM0ElMjA0OCUyNSUzQiUwQSU3RCUwQSUwQS5mbGV4LWl0ZW0tY2VudGVyJTIwJTdCJTBBJTIwJTIwZmxleCUzQSUyMDQlMjUlM0IlMEElN0QlMEEuZmxleC1pdGVtLXJpZ2h0JTIwJTdCJTBBJTIwJTIwZmxleCUzQSUyMDQ4JTI1JTNCJTBBJTdEJTBBJTBBaW5wdXQud3BjZjctZm9ybS1jb250cm9sLmhhcy1zcGlubmVyLndwY2Y3LXN1Ym1pdC5rclByenljaXNrV1phbW93TmV3c2xldHRlclpQb2RrYXN0ZW0lMjAlN0IlMEFiYWNrZ3JvdW5kLWNvbG9yJTNBJTIzMDMxMjRjJTIwJTIxaW1wb3J0YW50JTNCJTBBY29sb3IlM0ElMjNmZmZmZmYlM0IlMEFib3JkZXIlM0EwJTNCJTBBJTdEJTBBaW5wdXQud3BjZjctZm9ybS1jb250cm9sLmhhcy1zcGlubmVyLndwY2Y3LXN1Ym1pdC5rclByenljaXNrV1phbW93TmV3c2xldHRlclpQb2RrYXN0ZW0lM0Fob3ZlciUyMCU3QiUwQWJhY2tncm91bmQtY29sb3IlM0ElMjNmZmZmZmYlMjAlMjFpbXBvcnRhbnQlM0IlMEFjb2xvciUzQSUyMzAzMTI0YyUyMCUyMWltcG9ydGFudCUzQiUwQSU3RCUwQSUwQXNwYW4ud3BjZjctbm90LXZhbGlkLXRpcCUyMCUyMCU3QiUwQWNvbG9yJTNBJTIzZjE3NDc0JTIwJTIxaW1wb3J0YW50JTNCJTBBJTdEJTBBJTBBJTQwbWVkaWElMjAlMjhtYXgtd2lkdGglM0ElMjA5OTFweCUyOSUyMCU3QiUwQSUyMCUyMC5mbGV4LWl0ZW0tcmlnaHQlMkMlMjAuZmxleC1pdGVtLWxlZnQlMjAlN0IlMEElMjAlMjAlMjAlMjBmbGV4JTNBJTIwMTAwJTI1JTNCJTBBJTIwJTIwJTIwJTIwcGFkZGluZyUzQTAlM0IlMEElMjAlMjAlN0QlMEEuZmxleC1pdGVtLWNlbnRlciUyMCU3QiUwQWRpc3BsYXklM0Fub25lJTNCJTBBJTdEJTBBJTdEJTBBJTNDJTJGc3R5bGUlM0U=[\/vc_raw_html][vc_empty_space height=&#8221;2vh&#8221;][\/vc_column][\/vc_row]\n","protected":false},"excerpt":{"rendered":"<p>[vc_row full_width=&#8221;stretch_row_content&#8221; gap=&#8221;35&#8243; full_height=&#8221;yes&#8221; columns_placement=&#8221;bottom&#8221; equal_height=&#8221;yes&#8221; content_placement=&#8221;top&#8221; parallax=&#8221;content-moving&#8221; css=&#8221;.vc_custom_1668687038763{margin-top: -80px !important;margin-right: -60px !important;margin-left: -60px !important;background-image: url(https:\/\/iib.org.pl\/wp-content\/uploads\/2022\/11\/Baner-kontakt.webp?id=1519) !important;}&#8221;][vc_column][gt3_spacing height=&#8221;150px&#8221;][gt3_custom_text css_animation=&#8221;fadeInUpBig&#8221; text_color=&#8221;#feffff&#8221; font_size=&#8221;60&#8243; line_height=&#8221;100&#8243; responsive_font=&#8221;true&#8221; font_size_tablet=&#8221;40&#8243; font_size_mobile=&#8221;25&#8243;] Kontakt [\/gt3_custom_text][gt3_spacing height=&#8221;34px&#8221;][gt3_button button_title=&#8221;KONSULTACJA BIZNESOWA&#8221; button_size=&#8221;large&#8221; button_alignment=&#8221;center&#8221; btn_border_radius=&#8221;5px&#8221; btn_border_style=&#8221;none&#8221; css_animation=&#8221;fadeInUp&#8221; css=&#8221;.vc_custom_1669741755561{margin-right: 20px !important;}&#8221; link=&#8221;url:https%3A%2F%2Fiib.org.pl%23formularz_kontaktowy_kotwica|title:Kontakt&#8221;][gt3_spacing height=&#8221;170px&#8221;][\/vc_column][\/vc_row][vc_row full_width=&#8221;stretch_row&#8221;][vc_column width=&#8221;1\/2&#8243;][vc_empty_space height=&#8221;7.5vh&#8221;][vc_custom_heading text=&#8221;DANE KONTAKTOWE&#8221; font_container=&#8221;tag:h2|font_size:14|text_align:left|color:%235c656d|line_height:1.5&#8243; google_fonts=&#8221;font_family:Lato%3A100%2C100italic%2C300%2C300italic%2Cregular%2Citalic%2C700%2C700italic%2C900%2C900italic|font_style:700%20bold%20regular%3A700%3Anormal&#8221;][gt3_spacing height=&#8221;20px&#8221;][gt3_custom_text text_color=&#8221;&#8221; font_size=&#8221;18&#8243; line_height=&#8221;165&#8243; use_theme_fonts=&#8221;&#8221; google_fonts_text=&#8221;font_family:Lato%3A100%2C100italic%2C300%2C300italic%2Cregular%2Citalic%2C700%2C700italic%2C900%2C900italic|font_style:400%20regular%3A400%3Anormal&#8221;]Fundacja Instytut Inicjatyw [&hellip;]<\/p>\n","protected":false},"author":1,"featured_media":0,"parent":0,"menu_order":0,"comment_status":"closed","ping_status":"closed","template":"","meta":[],"yoast_head":"<!-- This site is optimized with the Yoast SEO plugin v19.11 - https:\/\/yoast.com\/wordpress\/plugins\/seo\/ -->\n<title>Kontakt - Instytut Inicjatyw Biznesu<\/title>\n<meta name=\"robots\" content=\"index, follow, max-snippet:-1, max-image-preview:large, max-video-preview:-1\" \/>\n<link rel=\"canonical\" href=\"https:\/\/iib.org.pl\/index.php\/kontakt\/\" \/>\n<meta property=\"og:locale\" content=\"pl_PL\" \/>\n<meta property=\"og:type\" content=\"article\" \/>\n<meta property=\"og:title\" content=\"Kontakt - Instytut Inicjatyw Biznesu\" \/>\n<meta property=\"og:description\" content=\"[vc_row full_width=&#8221;stretch_row_content&#8221; gap=&#8221;35&#8243; full_height=&#8221;yes&#8221; columns_placement=&#8221;bottom&#8221; equal_height=&#8221;yes&#8221; content_placement=&#8221;top&#8221; parallax=&#8221;content-moving&#8221; css=&#8221;.vc_custom_1668687038763{margin-top: -80px !important;margin-right: -60px !important;margin-left: -60px !important;background-image: url(https:\/\/iib.org.pl\/wp-content\/uploads\/2022\/11\/Baner-kontakt.webp?id=1519) !important;}&#8221;][vc_column][gt3_spacing height=&#8221;150px&#8221;][gt3_custom_text css_animation=&#8221;fadeInUpBig&#8221; text_color=&#8221;#feffff&#8221; font_size=&#8221;60&#8243; line_height=&#8221;100&#8243; responsive_font=&#8221;true&#8221; font_size_tablet=&#8221;40&#8243; font_size_mobile=&#8221;25&#8243;] Kontakt [\/gt3_custom_text][gt3_spacing height=&#8221;34px&#8221;][gt3_button button_title=&#8221;KONSULTACJA BIZNESOWA&#8221; button_size=&#8221;large&#8221; button_alignment=&#8221;center&#8221; btn_border_radius=&#8221;5px&#8221; btn_border_style=&#8221;none&#8221; css_animation=&#8221;fadeInUp&#8221; css=&#8221;.vc_custom_1669741755561{margin-right: 20px !important;}&#8221; link=&#8221;url:https%3A%2F%2Fiib.org.pl%23formularz_kontaktowy_kotwica|title:Kontakt&#8221;][gt3_spacing height=&#8221;170px&#8221;][\/vc_column][\/vc_row][vc_row full_width=&#8221;stretch_row&#8221;][vc_column width=&#8221;1\/2&#8243;][vc_empty_space height=&#8221;7.5vh&#8221;][vc_custom_heading text=&#8221;DANE KONTAKTOWE&#8221; font_container=&#8221;tag:h2|font_size:14|text_align:left|color:%235c656d|line_height:1.5&#8243; google_fonts=&#8221;font_family:Lato%3A100%2C100italic%2C300%2C300italic%2Cregular%2Citalic%2C700%2C700italic%2C900%2C900italic|font_style:700%20bold%20regular%3A700%3Anormal&#8221;][gt3_spacing height=&#8221;20px&#8221;][gt3_custom_text text_color=&#8221;&#8221; font_size=&#8221;18&#8243; line_height=&#8221;165&#8243; use_theme_fonts=&#8221;&#8221; google_fonts_text=&#8221;font_family:Lato%3A100%2C100italic%2C300%2C300italic%2Cregular%2Citalic%2C700%2C700italic%2C900%2C900italic|font_style:400%20regular%3A400%3Anormal&#8221;]Fundacja Instytut Inicjatyw [&hellip;]\" \/>\n<meta property=\"og:url\" content=\"https:\/\/iib.org.pl\/index.php\/kontakt\/\" \/>\n<meta property=\"og:site_name\" content=\"Instytut Inicjatyw Biznesu\" \/>\n<meta property=\"article:publisher\" content=\"https:\/\/www.facebook.com\/Instytut.Inicjatyw.Biznesu\" \/>\n<meta property=\"article:modified_time\" content=\"2022-11-29T17:09:18+00:00\" \/>\n<meta name=\"twitter:card\" content=\"summary_large_image\" \/>\n<meta name=\"twitter:site\" content=\"@BiznesuInstytut\" \/>\n<meta name=\"twitter:label1\" content=\"Szacowany czas czytania\" \/>\n\t<meta name=\"twitter:data1\" content=\"1 minuta\" \/>\n<script type=\"application\/ld+json\" class=\"yoast-schema-graph\">{\"@context\":\"https:\/\/schema.org\",\"@graph\":[{\"@type\":\"WebPage\",\"@id\":\"https:\/\/iib.org.pl\/index.php\/kontakt\/\",\"url\":\"https:\/\/iib.org.pl\/index.php\/kontakt\/\",\"name\":\"Kontakt - Instytut Inicjatyw Biznesu\",\"isPartOf\":{\"@id\":\"https:\/\/iib.org.pl\/#website\"},\"datePublished\":\"2018-01-31T13:23:33+00:00\",\"dateModified\":\"2022-11-29T17:09:18+00:00\",\"breadcrumb\":{\"@id\":\"https:\/\/iib.org.pl\/index.php\/kontakt\/#breadcrumb\"},\"inLanguage\":\"pl-PL\",\"potentialAction\":[{\"@type\":\"ReadAction\",\"target\":[\"https:\/\/iib.org.pl\/index.php\/kontakt\/\"]}]},{\"@type\":\"BreadcrumbList\",\"@id\":\"https:\/\/iib.org.pl\/index.php\/kontakt\/#breadcrumb\",\"itemListElement\":[{\"@type\":\"ListItem\",\"position\":1,\"name\":\"Strona g\u0142\u00f3wna\",\"item\":\"https:\/\/iib.org.pl\/\"},{\"@type\":\"ListItem\",\"position\":2,\"name\":\"Kontakt\"}]},{\"@type\":\"WebSite\",\"@id\":\"https:\/\/iib.org.pl\/#website\",\"url\":\"https:\/\/iib.org.pl\/\",\"name\":\"Instytut Inicjatyw Biznesu\",\"description\":\"Jeste\u015bmy przekonani, \u017ce prawdziwa transformacja MSP to proces, pracujemy dla Was kompleksowo. Realizujemy konsultacje biznesowe, przeprowadzamy audyt, wsp\u00f3lnie tworzymy projekt i strategi\u0119, wdra\u017camy autorskie narz\u0119dzia analityczne i digitalizujemy obszary Twojej firmy. Uzupe\u0142niamy Twoje kompetencj\u0119, stawiaj\u0105c do dyspozycji zesp\u00f3\u0142 ekspercki aby\u015b nie opiera\u0142 si\u0119 na intuicji a efektywnie rozwija\u0142 firm\u0119.\",\"publisher\":{\"@id\":\"https:\/\/iib.org.pl\/#organization\"},\"potentialAction\":[{\"@type\":\"SearchAction\",\"target\":{\"@type\":\"EntryPoint\",\"urlTemplate\":\"https:\/\/iib.org.pl\/?s={search_term_string}\"},\"query-input\":\"required name=search_term_string\"}],\"inLanguage\":\"pl-PL\"},{\"@type\":\"Organization\",\"@id\":\"https:\/\/iib.org.pl\/#organization\",\"name\":\"Instytut Inicjatyw Biznesu\",\"url\":\"https:\/\/iib.org.pl\/\",\"logo\":{\"@type\":\"ImageObject\",\"inLanguage\":\"pl-PL\",\"@id\":\"https:\/\/iib.org.pl\/#\/schema\/logo\/image\/\",\"url\":\"https:\/\/iib.org.pl\/wp-content\/uploads\/2022\/11\/iiblogo.png\",\"contentUrl\":\"https:\/\/iib.org.pl\/wp-content\/uploads\/2022\/11\/iiblogo.png\",\"width\":171,\"height\":80,\"caption\":\"Instytut Inicjatyw Biznesu\"},\"image\":{\"@id\":\"https:\/\/iib.org.pl\/#\/schema\/logo\/image\/\"},\"sameAs\":[\"https:\/\/www.linkedin.com\/uas\/login?session_redirect=httpswww.linkedin.comcompanyinstytut-inicjatyw-biznesuaboutviewAsMembertrue\",\"https:\/\/www.youtube.com\/channel\/UC7Z5-LUhh15BNbSciDBWt4A\",\"https:\/\/www.facebook.com\/Instytut.Inicjatyw.Biznesu\",\"https:\/\/twitter.com\/BiznesuInstytut\"]}]}<\/script>\n<!-- \/ Yoast SEO plugin. -->","yoast_head_json":{"title":"Kontakt - Instytut Inicjatyw Biznesu","robots":{"index":"index","follow":"follow","max-snippet":"max-snippet:-1","max-image-preview":"max-image-preview:large","max-video-preview":"max-video-preview:-1"},"canonical":"https:\/\/iib.org.pl\/index.php\/kontakt\/","og_locale":"pl_PL","og_type":"article","og_title":"Kontakt - Instytut Inicjatyw Biznesu","og_description":"[vc_row full_width=&#8221;stretch_row_content&#8221; gap=&#8221;35&#8243; full_height=&#8221;yes&#8221; columns_placement=&#8221;bottom&#8221; equal_height=&#8221;yes&#8221; content_placement=&#8221;top&#8221; parallax=&#8221;content-moving&#8221; css=&#8221;.vc_custom_1668687038763{margin-top: -80px !important;margin-right: -60px !important;margin-left: -60px !important;background-image: url(https:\/\/iib.org.pl\/wp-content\/uploads\/2022\/11\/Baner-kontakt.webp?id=1519) !important;}&#8221;][vc_column][gt3_spacing height=&#8221;150px&#8221;][gt3_custom_text css_animation=&#8221;fadeInUpBig&#8221; text_color=&#8221;#feffff&#8221; font_size=&#8221;60&#8243; line_height=&#8221;100&#8243; responsive_font=&#8221;true&#8221; font_size_tablet=&#8221;40&#8243; font_size_mobile=&#8221;25&#8243;] Kontakt [\/gt3_custom_text][gt3_spacing height=&#8221;34px&#8221;][gt3_button button_title=&#8221;KONSULTACJA BIZNESOWA&#8221; button_size=&#8221;large&#8221; button_alignment=&#8221;center&#8221; btn_border_radius=&#8221;5px&#8221; btn_border_style=&#8221;none&#8221; css_animation=&#8221;fadeInUp&#8221; css=&#8221;.vc_custom_1669741755561{margin-right: 20px !important;}&#8221; link=&#8221;url:https%3A%2F%2Fiib.org.pl%23formularz_kontaktowy_kotwica|title:Kontakt&#8221;][gt3_spacing height=&#8221;170px&#8221;][\/vc_column][\/vc_row][vc_row full_width=&#8221;stretch_row&#8221;][vc_column width=&#8221;1\/2&#8243;][vc_empty_space height=&#8221;7.5vh&#8221;][vc_custom_heading text=&#8221;DANE KONTAKTOWE&#8221; font_container=&#8221;tag:h2|font_size:14|text_align:left|color:%235c656d|line_height:1.5&#8243; google_fonts=&#8221;font_family:Lato%3A100%2C100italic%2C300%2C300italic%2Cregular%2Citalic%2C700%2C700italic%2C900%2C900italic|font_style:700%20bold%20regular%3A700%3Anormal&#8221;][gt3_spacing height=&#8221;20px&#8221;][gt3_custom_text text_color=&#8221;&#8221; font_size=&#8221;18&#8243; line_height=&#8221;165&#8243; use_theme_fonts=&#8221;&#8221; google_fonts_text=&#8221;font_family:Lato%3A100%2C100italic%2C300%2C300italic%2Cregular%2Citalic%2C700%2C700italic%2C900%2C900italic|font_style:400%20regular%3A400%3Anormal&#8221;]Fundacja Instytut Inicjatyw [&hellip;]","og_url":"https:\/\/iib.org.pl\/index.php\/kontakt\/","og_site_name":"Instytut Inicjatyw Biznesu","article_publisher":"https:\/\/www.facebook.com\/Instytut.Inicjatyw.Biznesu","article_modified_time":"2022-11-29T17:09:18+00:00","twitter_card":"summary_large_image","twitter_site":"@BiznesuInstytut","twitter_misc":{"Szacowany czas czytania":"1 minuta"},"schema":{"@context":"https:\/\/schema.org","@graph":[{"@type":"WebPage","@id":"https:\/\/iib.org.pl\/index.php\/kontakt\/","url":"https:\/\/iib.org.pl\/index.php\/kontakt\/","name":"Kontakt - Instytut Inicjatyw Biznesu","isPartOf":{"@id":"https:\/\/iib.org.pl\/#website"},"datePublished":"2018-01-31T13:23:33+00:00","dateModified":"2022-11-29T17:09:18+00:00","breadcrumb":{"@id":"https:\/\/iib.org.pl\/index.php\/kontakt\/#breadcrumb"},"inLanguage":"pl-PL","potentialAction":[{"@type":"ReadAction","target":["https:\/\/iib.org.pl\/index.php\/kontakt\/"]}]},{"@type":"BreadcrumbList","@id":"https:\/\/iib.org.pl\/index.php\/kontakt\/#breadcrumb","itemListElement":[{"@type":"ListItem","position":1,"name":"Strona g\u0142\u00f3wna","item":"https:\/\/iib.org.pl\/"},{"@type":"ListItem","position":2,"name":"Kontakt"}]},{"@type":"WebSite","@id":"https:\/\/iib.org.pl\/#website","url":"https:\/\/iib.org.pl\/","name":"Instytut Inicjatyw Biznesu","description":"Jeste\u015bmy przekonani, \u017ce prawdziwa transformacja MSP to proces, pracujemy dla Was kompleksowo. Realizujemy konsultacje biznesowe, przeprowadzamy audyt, wsp\u00f3lnie tworzymy projekt i strategi\u0119, wdra\u017camy autorskie narz\u0119dzia analityczne i digitalizujemy obszary Twojej firmy. Uzupe\u0142niamy Twoje kompetencj\u0119, stawiaj\u0105c do dyspozycji zesp\u00f3\u0142 ekspercki aby\u015b nie opiera\u0142 si\u0119 na intuicji a efektywnie rozwija\u0142 firm\u0119.","publisher":{"@id":"https:\/\/iib.org.pl\/#organization"},"potentialAction":[{"@type":"SearchAction","target":{"@type":"EntryPoint","urlTemplate":"https:\/\/iib.org.pl\/?s={search_term_string}"},"query-input":"required name=search_term_string"}],"inLanguage":"pl-PL"},{"@type":"Organization","@id":"https:\/\/iib.org.pl\/#organization","name":"Instytut Inicjatyw Biznesu","url":"https:\/\/iib.org.pl\/","logo":{"@type":"ImageObject","inLanguage":"pl-PL","@id":"https:\/\/iib.org.pl\/#\/schema\/logo\/image\/","url":"https:\/\/iib.org.pl\/wp-content\/uploads\/2022\/11\/iiblogo.png","contentUrl":"https:\/\/iib.org.pl\/wp-content\/uploads\/2022\/11\/iiblogo.png","width":171,"height":80,"caption":"Instytut Inicjatyw Biznesu"},"image":{"@id":"https:\/\/iib.org.pl\/#\/schema\/logo\/image\/"},"sameAs":["https:\/\/www.linkedin.com\/uas\/login?session_redirect=httpswww.linkedin.comcompanyinstytut-inicjatyw-biznesuaboutviewAsMembertrue","https:\/\/www.youtube.com\/channel\/UC7Z5-LUhh15BNbSciDBWt4A","https:\/\/www.facebook.com\/Instytut.Inicjatyw.Biznesu","https:\/\/twitter.com\/BiznesuInstytut"]}]}},"_links":{"self":[{"href":"https:\/\/iib.org.pl\/index.php\/wp-json\/wp\/v2\/pages\/132"}],"collection":[{"href":"https:\/\/iib.org.pl\/index.php\/wp-json\/wp\/v2\/pages"}],"about":[{"href":"https:\/\/iib.org.pl\/index.php\/wp-json\/wp\/v2\/types\/page"}],"author":[{"embeddable":true,"href":"https:\/\/iib.org.pl\/index.php\/wp-json\/wp\/v2\/users\/1"}],"replies":[{"embeddable":true,"href":"https:\/\/iib.org.pl\/index.php\/wp-json\/wp\/v2\/comments?post=132"}],"version-history":[{"count":42,"href":"https:\/\/iib.org.pl\/index.php\/wp-json\/wp\/v2\/pages\/132\/revisions"}],"predecessor-version":[{"id":1779,"href":"https:\/\/iib.org.pl\/index.php\/wp-json\/wp\/v2\/pages\/132\/revisions\/1779"}],"wp:attachment":[{"href":"https:\/\/iib.org.pl\/index.php\/wp-json\/wp\/v2\/media?parent=132"}],"curies":[{"name":"wp","href":"https:\/\/api.w.org\/{rel}","templated":true}]}}