{"id":1227,"date":"2022-11-03T12:02:38","date_gmt":"2022-11-03T11:02:38","guid":{"rendered":"https:\/\/iib.org.pl\/?page_id=1227"},"modified":"2022-11-29T18:04:01","modified_gmt":"2022-11-29T17:04:01","slug":"podkast","status":"publish","type":"page","link":"https:\/\/iib.org.pl\/index.php\/podkast\/","title":{"rendered":"Podkast"},"content":{"rendered":"[vc_row full_width=&#8221;stretch_row_content&#8221; gap=&#8221;35&#8243; full_height=&#8221;yes&#8221; columns_placement=&#8221;bottom&#8221; equal_height=&#8221;yes&#8221; content_placement=&#8221;top&#8221; parallax=&#8221;content-moving&#8221; css=&#8221;.vc_custom_1668684025008{margin-top: -80px !important;margin-right: -60px !important;margin-left: -60px !important;background-image: url(https:\/\/iib.org.pl\/wp-content\/uploads\/2022\/11\/Baner-podkast.webp?id=1489) !important;}&#8221;][vc_column][gt3_spacing height=&#8221;100px&#8221;][gt3_custom_text css_animation=&#8221;fadeInUpBig&#8221; text_color=&#8221;#feffff&#8221; font_size=&#8221;60&#8243; line_height=&#8221;100&#8243; responsive_font=&#8221;true&#8221; font_size_tablet=&#8221;40&#8243; font_size_mobile=&#8221;25&#8243;]\n<p style=\"text-align: center;\"><strong>Podkast<\/strong><\/p>\n[\/gt3_custom_text][gt3_spacing height=&#8221;34px&#8221;][gt3_button button_title=&#8221;Konsultacja biznesowa&#8221; button_size=&#8221;large&#8221; button_alignment=&#8221;center&#8221; btn_border_radius=&#8221;5px&#8221; btn_border_style=&#8221;none&#8221; css_animation=&#8221;fadeInUp&#8221; css=&#8221;.vc_custom_1669741439211{margin-right: 20px !important;}&#8221; link=&#8221;url:https%3A%2F%2Fiib.org.pl%23formularz_kontaktowy_kotwica|title:Kontakt&#8221;][gt3_spacing height=&#8221;100px&#8221;][\/vc_column][\/vc_row][vc_row gap=&#8221;35&#8243; css=&#8221;.vc_custom_1668690098068{margin-top: 0px !important;margin-bottom: 0px !important;border-top-width: 0px !important;border-bottom-width: 0px !important;padding-top: 0px !important;padding-bottom: 0px !important;}&#8221;][vc_column css=&#8221;.vc_custom_1668760016329{margin-top: 0px !important;margin-bottom: 0px !important;border-top-width: 0px !important;border-bottom-width: 0px !important;padding-top: 0px !important;padding-right: 50px !important;padding-bottom: 0px !important;}&#8221;][vc_empty_space height=&#8221;7.5vh&#8221;][vc_raw_html]JTVCcG9kY2FzdCUyMGlkJTNEMTM0NCU1RA==[\/vc_raw_html][vc_empty_space height=&#8221;7.5vh&#8221;][\/vc_column][\/vc_row][vc_row full_width=&#8221;stretch_row&#8221; content_placement=&#8221;middle&#8221; css=&#8221;.vc_custom_1668684079053{background-color: #0071bc !important;}&#8221;][vc_column][vc_empty_space height=&#8221;1.8vh&#8221;][vc_custom_heading text=&#8221;Subskrybuj nasze tre\u015bci!&#8221; font_container=&#8221;tag:h2|font_size:36|text_align:left|color:%23ffffff|line_height:1.5&#8243; google_fonts=&#8221;font_family:Lato%3A100%2C100italic%2C300%2C300italic%2Cregular%2Citalic%2C700%2C700italic%2C900%2C900italic|font_style:300%20light%20regular%3A300%3Anormal&#8221;][vc_empty_space height=&#8221;2vh&#8221;][vc_raw_html el_class=&#8221;newsletter-podcast&#8221;]JTVCY29udGFjdC1mb3JtLTclMjBpZCUzRCUyMjE1MzQlMjIlMjB0aXRsZSUzRCUyMlphbSVDMyVCM3clMjBuZXdzbGV0dGVyJTIwLSUyMHBvZGthc3QlMjIlNUQ=[\/vc_raw_html][vc_raw_html]JTNDc3R5bGUlM0UlMEElMEEuZmxleC1jb250YWluZXIlMjAlN0IlMEElMjAlMjBkaXNwbGF5JTNBJTIwZmxleCUzQiUwQSUyMCUyMGZsZXgtd3JhcCUzQSUyMHdyYXAlM0IlMEElMjAlMjBjb2xvciUzQSUyM2ZmZmZmZiUzQiUwQSU3RCUwQSUwQS5mbGV4LWl0ZW0tbGVmdCUyMCU3QiUwQSUyMCUyMGZsZXglM0ElMjA0OCUyNSUzQiUwQSU3RCUwQSUwQS5mbGV4LWl0ZW0tY2VudGVyJTIwJTdCJTBBJTIwJTIwZmxleCUzQSUyMDQlMjUlM0IlMEElN0QlMEEuZmxleC1pdGVtLXJpZ2h0JTIwJTdCJTBBJTIwJTIwZmxleCUzQSUyMDQ4JTI1JTNCJTBBJTdEJTBBJTBBaW5wdXQud3BjZjctZm9ybS1jb250cm9sLmhhcy1zcGlubmVyLndwY2Y3LXN1Ym1pdC5rclByenljaXNrV1phbW93TmV3c2xldHRlclpQb2RrYXN0ZW0lMjAlN0IlMEFiYWNrZ3JvdW5kLWNvbG9yJTNBJTIzMDMxMjRjJTIwJTIxaW1wb3J0YW50JTNCJTBBY29sb3IlM0ElMjNmZmZmZmYlM0IlMEFib3JkZXIlM0EwJTNCJTBBJTdEJTBBaW5wdXQud3BjZjctZm9ybS1jb250cm9sLmhhcy1zcGlubmVyLndwY2Y3LXN1Ym1pdC5rclByenljaXNrV1phbW93TmV3c2xldHRlclpQb2RrYXN0ZW0lM0Fob3ZlciUyMCU3QiUwQWJhY2tncm91bmQtY29sb3IlM0ElMjNmZmZmZmYlMjAlMjFpbXBvcnRhbnQlM0IlMEFjb2xvciUzQSUyMzAzMTI0YyUyMCUyMWltcG9ydGFudCUzQiUwQSU3RCUwQSUwQXNwYW4ud3BjZjctbm90LXZhbGlkLXRpcCUyMCUyMCU3QiUwQWNvbG9yJTNBJTIzZjE3NDc0JTIwJTIxaW1wb3J0YW50JTNCJTBBJTdEJTBBJTBBJTQwbWVkaWElMjAlMjhtYXgtd2lkdGglM0ElMjA5OTFweCUyOSUyMCU3QiUwQSUyMCUyMC5mbGV4LWl0ZW0tcmlnaHQlMkMlMjAuZmxleC1pdGVtLWxlZnQlMjAlN0IlMEElMjAlMjAlMjAlMjBmbGV4JTNBJTIwMTAwJTI1JTNCJTBBJTIwJTIwJTIwJTIwcGFkZGluZyUzQTAlM0IlMEElMjAlMjAlN0QlMEEuZmxleC1pdGVtLWNlbnRlciUyMCU3QiUwQWRpc3BsYXklM0Fub25lJTNCJTBBJTdEJTBBJTdEJTBBJTNDJTJGc3R5bGUlM0U=[\/vc_raw_html][vc_empty_space height=&#8221;2vh&#8221;][\/vc_column][\/vc_row][vc_row full_width=&#8221;stretch_row&#8221;][vc_column][vc_empty_space height=&#8221;5vh&#8221;][vc_custom_heading text=&#8221;JESTE\u015aMY TAM GDZIE WSZYSCY&#8221; font_container=&#8221;tag:h2|font_size:14|text_align:center|color:%235c656d|line_height:1.5&#8243; google_fonts=&#8221;font_family:Lato%3A100%2C100italic%2C300%2C300italic%2Cregular%2Citalic%2C700%2C700italic%2C900%2C900italic|font_style:700%20bold%20regular%3A700%3Anormal&#8221;][vc_empty_space height=&#8221;1.8vh&#8221;][vc_custom_heading text=&#8221;S\u0142uchaj podkastu gdzie Ci wygodnie&#8221; font_container=&#8221;tag:h2|text_align:center&#8221; google_fonts=&#8221;font_family:Lato%3A100%2C100italic%2C300%2C300italic%2Cregular%2Citalic%2C700%2C700italic%2C900%2C900italic|font_style:300%20light%20regular%3A300%3Anormal&#8221;][\/vc_column][\/vc_row][vc_row full_width=&#8221;stretch_row&#8221; css_animation=&#8221;fadeInUp&#8221;][vc_column css_animation=&#8221;none&#8221; width=&#8221;1\/4&#8243;][vc_empty_space height=&#8221;5vh&#8221;][vc_raw_html]JTNDZGl2JTIwc3R5bGUlM0QlMjJ3aWR0aCUzQTEwMCUyNSUzQiUyMHRleHQtYWxpZ24lM0FjZW50ZXIlMjIlM0UlM0NhJTIwaHJlZiUzRCUyMmh0dHBzJTNBJTJGJTJGZmFjZWJvb2suY29tJTJGSW5zdHl0dXQuSW5pY2phdHl3LkJpem5lc3UlMjIlMjB0YXJnZXQlM0QlMjJfYmxhbmslMjIlMjByZWwlM0QlMjJub29wZW5lciUyMiUzRSUzQ2klMjBjbGFzcyUzRCUyMmZhJTIwZmEtZmFjZWJvb2slMjIlMjBzdHlsZSUzRCUyMmNvbG9yJTNBJTIwJTIzJTIzMDA3MWJjJTNCJTIwZm9udC1zaXplJTNBNmVtJTIyJTNFJTNDJTJGaSUzRSUzQyUyRmElM0UlM0MlMkZkaXYlM0UlMEE=[\/vc_raw_html][vc_empty_space height=&#8221;20px&#8221;][vc_custom_heading text=&#8221;Facebook&#8221; font_container=&#8221;tag:h2|text_align:center&#8221; google_fonts=&#8221;font_family:Lato%3A100%2C100italic%2C300%2C300italic%2Cregular%2Citalic%2C700%2C700italic%2C900%2C900italic|font_style:300%20light%20regular%3A300%3Anormal&#8221;][vc_empty_space height=&#8221;9.3vh&#8221;][\/vc_column][vc_column css_animation=&#8221;none&#8221; width=&#8221;1\/4&#8243;][vc_empty_space height=&#8221;5vh&#8221;][vc_raw_html]JTNDZGl2JTIwc3R5bGUlM0QlMjJ3aWR0aCUzQTEwMCUyNSUzQiUyMHRleHQtYWxpZ24lM0FjZW50ZXIlMjIlM0UlM0NhJTIwaHJlZiUzRCUyMmh0dHBzJTNBJTJGJTJGdHdpdHRlci5jb20lMkZCaXpuZXN1SW5zdHl0dXQlMjIlMjB0YXJnZXQlM0QlMjJfYmxhbmslMjIlMjByZWwlM0QlMjJub29wZW5lciUyMiUzRSUzQ2klMjBjbGFzcyUzRCUyMmZhJTIwZmEtdHdpdHRlciUyMiUyMHN0eWxlJTNEJTIyY29sb3IlM0ElMjAlMjMlMjMwMDcxYmMlM0IlMjBmb250LXNpemUlM0E2ZW0lMjIlM0UlM0MlMkZpJTNFJTNDJTJGYSUzRSUzQyUyRmRpdiUzRQ==[\/vc_raw_html][vc_empty_space height=&#8221;20px&#8221;][vc_custom_heading text=&#8221;Twitter&#8221; font_container=&#8221;tag:h2|text_align:center&#8221; google_fonts=&#8221;font_family:Lato%3A100%2C100italic%2C300%2C300italic%2Cregular%2Citalic%2C700%2C700italic%2C900%2C900italic|font_style:300%20light%20regular%3A300%3Anormal&#8221;][vc_empty_space height=&#8221;9.3vh&#8221;][\/vc_column][vc_column width=&#8221;1\/4&#8243;][vc_empty_space height=&#8221;5vh&#8221;][vc_raw_html]JTBBJTBBJTNDZGl2JTIwc3R5bGUlM0QlMjJ3aWR0aCUzQTEwMCUyNSUzQiUyMHRleHQtYWxpZ24lM0FjZW50ZXIlMjIlM0UlM0NhJTIwaHJlZiUzRCUyMmh0dHBzJTNBJTJGJTJGd3d3LmxpbmtlZGluLmNvbSUyRmNvbXBhbnklMkZpbnN0eXR1dC1pbmljamF0eXctYml6bmVzdSUyRmFib3V0JTJGJTNGdmlld0FzTWVtYmVyJTNEdHJ1ZSUyMiUyMHRhcmdldCUzRCUyMl9ibGFuayUyMiUyMHJlbCUzRCUyMm5vb3BlbmVyJTIyJTNFJTNDaSUyMGNsYXNzJTNEJTIyZmElMjBmYS1saW5rZWRpbiUyMiUyMHN0eWxlJTNEJTIyY29sb3IlM0ElMjAlMjMlMjMwMDcxYmMlM0IlMjBmb250LXNpemUlM0E2ZW0lMjIlM0UlM0MlMkZpJTNFJTNDJTJGYSUzRSUzQyUyRmRpdiUzRQ==[\/vc_raw_html][vc_empty_space height=&#8221;20px&#8221;][vc_custom_heading text=&#8221;LinkedIn&#8221; font_container=&#8221;tag:h2|text_align:center&#8221; google_fonts=&#8221;font_family:Lato%3A100%2C100italic%2C300%2C300italic%2Cregular%2Citalic%2C700%2C700italic%2C900%2C900italic|font_style:300%20light%20regular%3A300%3Anormal&#8221;][vc_empty_space height=&#8221;9.3vh&#8221;][\/vc_column][vc_column width=&#8221;1\/4&#8243;][vc_empty_space height=&#8221;5vh&#8221;][vc_raw_html]JTNDZGl2JTIwc3R5bGUlM0QlMjJ3aWR0aCUzQTEwMCUyNSUzQiUyMHRleHQtYWxpZ24lM0FjZW50ZXIlMjIlM0UlM0NhJTIwaHJlZiUzRCUyMmh0dHBzJTNBJTJGJTJGd3d3LnlvdXR1YmUuY29tJTJGY2hhbm5lbCUyRlVDN1o1LUxVaGgxNUJOYlNjaURCV3Q0QSUyMiUyMHRhcmdldCUzRCUyMl9ibGFuayUyMiUyMHJlbCUzRCUyMm5vb3BlbmVyJTIyJTNFJTNDaSUyMGNsYXNzJTNEJTIyZmElMjBmYS15b3V0dWJlJTIyJTIwc3R5bGUlM0QlMjJjb2xvciUzQSUyMCUyMyUyMzAwNzFiYyUzQiUyMGZvbnQtc2l6ZSUzQTZlbSUyMiUzRSUzQyUyRmklM0UlM0MlMkZhJTNFJTNDJTJGZGl2JTNF[\/vc_raw_html][vc_empty_space height=&#8221;20px&#8221;][vc_custom_heading text=&#8221;YouTube&#8221; font_container=&#8221;tag:h2|text_align:center&#8221; google_fonts=&#8221;font_family:Lato%3A100%2C100italic%2C300%2C300italic%2Cregular%2Citalic%2C700%2C700italic%2C900%2C900italic|font_style:300%20light%20regular%3A300%3Anormal&#8221;][vc_empty_space height=&#8221;9.3vh&#8221;][\/vc_column][\/vc_row]\n","protected":false},"excerpt":{"rendered":"<p>[vc_row full_width=&#8221;stretch_row_content&#8221; gap=&#8221;35&#8243; full_height=&#8221;yes&#8221; columns_placement=&#8221;bottom&#8221; equal_height=&#8221;yes&#8221; content_placement=&#8221;top&#8221; parallax=&#8221;content-moving&#8221; css=&#8221;.vc_custom_1668684025008{margin-top: -80px !important;margin-right: -60px !important;margin-left: -60px !important;background-image: url(https:\/\/iib.org.pl\/wp-content\/uploads\/2022\/11\/Baner-podkast.webp?id=1489) !important;}&#8221;][vc_column][gt3_spacing height=&#8221;100px&#8221;][gt3_custom_text css_animation=&#8221;fadeInUpBig&#8221; text_color=&#8221;#feffff&#8221; font_size=&#8221;60&#8243; line_height=&#8221;100&#8243; responsive_font=&#8221;true&#8221; font_size_tablet=&#8221;40&#8243; font_size_mobile=&#8221;25&#8243;] Podkast [\/gt3_custom_text][gt3_spacing height=&#8221;34px&#8221;][gt3_button button_title=&#8221;Konsultacja biznesowa&#8221; button_size=&#8221;large&#8221; button_alignment=&#8221;center&#8221; btn_border_radius=&#8221;5px&#8221; btn_border_style=&#8221;none&#8221; css_animation=&#8221;fadeInUp&#8221; css=&#8221;.vc_custom_1669741439211{margin-right: 20px !important;}&#8221; link=&#8221;url:https%3A%2F%2Fiib.org.pl%23formularz_kontaktowy_kotwica|title:Kontakt&#8221;][gt3_spacing height=&#8221;100px&#8221;][\/vc_column][\/vc_row][vc_row gap=&#8221;35&#8243; css=&#8221;.vc_custom_1668690098068{margin-top: 0px !important;margin-bottom: 0px !important;border-top-width: 0px !important;border-bottom-width: 0px !important;padding-top: 0px !important;padding-bottom: 0px !important;}&#8221;][vc_column css=&#8221;.vc_custom_1668760016329{margin-top: [&hellip;]<\/p>\n","protected":false},"author":1,"featured_media":0,"parent":0,"menu_order":0,"comment_status":"closed","ping_status":"open","template":"","meta":[],"yoast_head":"<!-- This site is optimized with the Yoast SEO plugin v19.11 - https:\/\/yoast.com\/wordpress\/plugins\/seo\/ -->\n<title>Podkast - Instytut Inicjatyw Biznesu<\/title>\n<meta name=\"robots\" content=\"index, follow, max-snippet:-1, max-image-preview:large, max-video-preview:-1\" \/>\n<link rel=\"canonical\" href=\"https:\/\/iib.org.pl\/index.php\/podkast\/\" \/>\n<meta property=\"og:locale\" content=\"pl_PL\" \/>\n<meta property=\"og:type\" content=\"article\" \/>\n<meta property=\"og:title\" content=\"Podkast - Instytut Inicjatyw Biznesu\" \/>\n<meta property=\"og:description\" content=\"[vc_row full_width=&#8221;stretch_row_content&#8221; gap=&#8221;35&#8243; full_height=&#8221;yes&#8221; columns_placement=&#8221;bottom&#8221; equal_height=&#8221;yes&#8221; content_placement=&#8221;top&#8221; parallax=&#8221;content-moving&#8221; css=&#8221;.vc_custom_1668684025008{margin-top: -80px !important;margin-right: -60px !important;margin-left: -60px !important;background-image: url(https:\/\/iib.org.pl\/wp-content\/uploads\/2022\/11\/Baner-podkast.webp?id=1489) !important;}&#8221;][vc_column][gt3_spacing height=&#8221;100px&#8221;][gt3_custom_text css_animation=&#8221;fadeInUpBig&#8221; text_color=&#8221;#feffff&#8221; font_size=&#8221;60&#8243; line_height=&#8221;100&#8243; responsive_font=&#8221;true&#8221; font_size_tablet=&#8221;40&#8243; font_size_mobile=&#8221;25&#8243;] Podkast [\/gt3_custom_text][gt3_spacing height=&#8221;34px&#8221;][gt3_button button_title=&#8221;Konsultacja biznesowa&#8221; button_size=&#8221;large&#8221; button_alignment=&#8221;center&#8221; btn_border_radius=&#8221;5px&#8221; btn_border_style=&#8221;none&#8221; css_animation=&#8221;fadeInUp&#8221; css=&#8221;.vc_custom_1669741439211{margin-right: 20px !important;}&#8221; link=&#8221;url:https%3A%2F%2Fiib.org.pl%23formularz_kontaktowy_kotwica|title:Kontakt&#8221;][gt3_spacing height=&#8221;100px&#8221;][\/vc_column][\/vc_row][vc_row gap=&#8221;35&#8243; css=&#8221;.vc_custom_1668690098068{margin-top: 0px !important;margin-bottom: 0px !important;border-top-width: 0px !important;border-bottom-width: 0px !important;padding-top: 0px !important;padding-bottom: 0px !important;}&#8221;][vc_column css=&#8221;.vc_custom_1668760016329{margin-top: [&hellip;]\" \/>\n<meta property=\"og:url\" content=\"https:\/\/iib.org.pl\/index.php\/podkast\/\" \/>\n<meta property=\"og:site_name\" content=\"Instytut Inicjatyw Biznesu\" \/>\n<meta property=\"article:publisher\" content=\"https:\/\/www.facebook.com\/Instytut.Inicjatyw.Biznesu\" \/>\n<meta property=\"article:modified_time\" content=\"2022-11-29T17:04:01+00:00\" \/>\n<meta name=\"twitter:card\" content=\"summary_large_image\" \/>\n<meta name=\"twitter:site\" content=\"@BiznesuInstytut\" \/>\n<meta name=\"twitter:label1\" content=\"Szacowany czas czytania\" \/>\n\t<meta name=\"twitter:data1\" content=\"1 minuta\" \/>\n<script type=\"application\/ld+json\" class=\"yoast-schema-graph\">{\"@context\":\"https:\/\/schema.org\",\"@graph\":[{\"@type\":\"WebPage\",\"@id\":\"https:\/\/iib.org.pl\/index.php\/podkast\/\",\"url\":\"https:\/\/iib.org.pl\/index.php\/podkast\/\",\"name\":\"Podkast - Instytut Inicjatyw Biznesu\",\"isPartOf\":{\"@id\":\"https:\/\/iib.org.pl\/#website\"},\"datePublished\":\"2022-11-03T11:02:38+00:00\",\"dateModified\":\"2022-11-29T17:04:01+00:00\",\"breadcrumb\":{\"@id\":\"https:\/\/iib.org.pl\/index.php\/podkast\/#breadcrumb\"},\"inLanguage\":\"pl-PL\",\"potentialAction\":[{\"@type\":\"ReadAction\",\"target\":[\"https:\/\/iib.org.pl\/index.php\/podkast\/\"]}]},{\"@type\":\"BreadcrumbList\",\"@id\":\"https:\/\/iib.org.pl\/index.php\/podkast\/#breadcrumb\",\"itemListElement\":[{\"@type\":\"ListItem\",\"position\":1,\"name\":\"Strona g\u0142\u00f3wna\",\"item\":\"https:\/\/iib.org.pl\/\"},{\"@type\":\"ListItem\",\"position\":2,\"name\":\"Podkast\"}]},{\"@type\":\"WebSite\",\"@id\":\"https:\/\/iib.org.pl\/#website\",\"url\":\"https:\/\/iib.org.pl\/\",\"name\":\"Instytut Inicjatyw Biznesu\",\"description\":\"Jeste\u015bmy przekonani, \u017ce prawdziwa transformacja MSP to proces, pracujemy dla Was kompleksowo. Realizujemy konsultacje biznesowe, przeprowadzamy audyt, wsp\u00f3lnie tworzymy projekt i strategi\u0119, wdra\u017camy autorskie narz\u0119dzia analityczne i digitalizujemy obszary Twojej firmy. Uzupe\u0142niamy Twoje kompetencj\u0119, stawiaj\u0105c do dyspozycji zesp\u00f3\u0142 ekspercki aby\u015b nie opiera\u0142 si\u0119 na intuicji a efektywnie rozwija\u0142 firm\u0119.\",\"publisher\":{\"@id\":\"https:\/\/iib.org.pl\/#organization\"},\"potentialAction\":[{\"@type\":\"SearchAction\",\"target\":{\"@type\":\"EntryPoint\",\"urlTemplate\":\"https:\/\/iib.org.pl\/?s={search_term_string}\"},\"query-input\":\"required name=search_term_string\"}],\"inLanguage\":\"pl-PL\"},{\"@type\":\"Organization\",\"@id\":\"https:\/\/iib.org.pl\/#organization\",\"name\":\"Instytut Inicjatyw Biznesu\",\"url\":\"https:\/\/iib.org.pl\/\",\"logo\":{\"@type\":\"ImageObject\",\"inLanguage\":\"pl-PL\",\"@id\":\"https:\/\/iib.org.pl\/#\/schema\/logo\/image\/\",\"url\":\"https:\/\/iib.org.pl\/wp-content\/uploads\/2022\/11\/iiblogo.png\",\"contentUrl\":\"https:\/\/iib.org.pl\/wp-content\/uploads\/2022\/11\/iiblogo.png\",\"width\":171,\"height\":80,\"caption\":\"Instytut Inicjatyw Biznesu\"},\"image\":{\"@id\":\"https:\/\/iib.org.pl\/#\/schema\/logo\/image\/\"},\"sameAs\":[\"https:\/\/www.linkedin.com\/uas\/login?session_redirect=httpswww.linkedin.comcompanyinstytut-inicjatyw-biznesuaboutviewAsMembertrue\",\"https:\/\/www.youtube.com\/channel\/UC7Z5-LUhh15BNbSciDBWt4A\",\"https:\/\/www.facebook.com\/Instytut.Inicjatyw.Biznesu\",\"https:\/\/twitter.com\/BiznesuInstytut\"]}]}<\/script>\n<!-- \/ Yoast SEO plugin. -->","yoast_head_json":{"title":"Podkast - Instytut Inicjatyw Biznesu","robots":{"index":"index","follow":"follow","max-snippet":"max-snippet:-1","max-image-preview":"max-image-preview:large","max-video-preview":"max-video-preview:-1"},"canonical":"https:\/\/iib.org.pl\/index.php\/podkast\/","og_locale":"pl_PL","og_type":"article","og_title":"Podkast - Instytut Inicjatyw Biznesu","og_description":"[vc_row full_width=&#8221;stretch_row_content&#8221; gap=&#8221;35&#8243; full_height=&#8221;yes&#8221; columns_placement=&#8221;bottom&#8221; equal_height=&#8221;yes&#8221; content_placement=&#8221;top&#8221; parallax=&#8221;content-moving&#8221; css=&#8221;.vc_custom_1668684025008{margin-top: -80px !important;margin-right: -60px !important;margin-left: -60px !important;background-image: url(https:\/\/iib.org.pl\/wp-content\/uploads\/2022\/11\/Baner-podkast.webp?id=1489) !important;}&#8221;][vc_column][gt3_spacing height=&#8221;100px&#8221;][gt3_custom_text css_animation=&#8221;fadeInUpBig&#8221; text_color=&#8221;#feffff&#8221; font_size=&#8221;60&#8243; line_height=&#8221;100&#8243; responsive_font=&#8221;true&#8221; font_size_tablet=&#8221;40&#8243; font_size_mobile=&#8221;25&#8243;] Podkast [\/gt3_custom_text][gt3_spacing height=&#8221;34px&#8221;][gt3_button button_title=&#8221;Konsultacja biznesowa&#8221; button_size=&#8221;large&#8221; button_alignment=&#8221;center&#8221; btn_border_radius=&#8221;5px&#8221; btn_border_style=&#8221;none&#8221; css_animation=&#8221;fadeInUp&#8221; css=&#8221;.vc_custom_1669741439211{margin-right: 20px !important;}&#8221; link=&#8221;url:https%3A%2F%2Fiib.org.pl%23formularz_kontaktowy_kotwica|title:Kontakt&#8221;][gt3_spacing height=&#8221;100px&#8221;][\/vc_column][\/vc_row][vc_row gap=&#8221;35&#8243; css=&#8221;.vc_custom_1668690098068{margin-top: 0px !important;margin-bottom: 0px !important;border-top-width: 0px !important;border-bottom-width: 0px !important;padding-top: 0px !important;padding-bottom: 0px !important;}&#8221;][vc_column css=&#8221;.vc_custom_1668760016329{margin-top: [&hellip;]","og_url":"https:\/\/iib.org.pl\/index.php\/podkast\/","og_site_name":"Instytut Inicjatyw Biznesu","article_publisher":"https:\/\/www.facebook.com\/Instytut.Inicjatyw.Biznesu","article_modified_time":"2022-11-29T17:04:01+00:00","twitter_card":"summary_large_image","twitter_site":"@BiznesuInstytut","twitter_misc":{"Szacowany czas czytania":"1 minuta"},"schema":{"@context":"https:\/\/schema.org","@graph":[{"@type":"WebPage","@id":"https:\/\/iib.org.pl\/index.php\/podkast\/","url":"https:\/\/iib.org.pl\/index.php\/podkast\/","name":"Podkast - Instytut Inicjatyw Biznesu","isPartOf":{"@id":"https:\/\/iib.org.pl\/#website"},"datePublished":"2022-11-03T11:02:38+00:00","dateModified":"2022-11-29T17:04:01+00:00","breadcrumb":{"@id":"https:\/\/iib.org.pl\/index.php\/podkast\/#breadcrumb"},"inLanguage":"pl-PL","potentialAction":[{"@type":"ReadAction","target":["https:\/\/iib.org.pl\/index.php\/podkast\/"]}]},{"@type":"BreadcrumbList","@id":"https:\/\/iib.org.pl\/index.php\/podkast\/#breadcrumb","itemListElement":[{"@type":"ListItem","position":1,"name":"Strona g\u0142\u00f3wna","item":"https:\/\/iib.org.pl\/"},{"@type":"ListItem","position":2,"name":"Podkast"}]},{"@type":"WebSite","@id":"https:\/\/iib.org.pl\/#website","url":"https:\/\/iib.org.pl\/","name":"Instytut Inicjatyw Biznesu","description":"Jeste\u015bmy przekonani, \u017ce prawdziwa transformacja MSP to proces, pracujemy dla Was kompleksowo. Realizujemy konsultacje biznesowe, przeprowadzamy audyt, wsp\u00f3lnie tworzymy projekt i strategi\u0119, wdra\u017camy autorskie narz\u0119dzia analityczne i digitalizujemy obszary Twojej firmy. Uzupe\u0142niamy Twoje kompetencj\u0119, stawiaj\u0105c do dyspozycji zesp\u00f3\u0142 ekspercki aby\u015b nie opiera\u0142 si\u0119 na intuicji a efektywnie rozwija\u0142 firm\u0119.","publisher":{"@id":"https:\/\/iib.org.pl\/#organization"},"potentialAction":[{"@type":"SearchAction","target":{"@type":"EntryPoint","urlTemplate":"https:\/\/iib.org.pl\/?s={search_term_string}"},"query-input":"required name=search_term_string"}],"inLanguage":"pl-PL"},{"@type":"Organization","@id":"https:\/\/iib.org.pl\/#organization","name":"Instytut Inicjatyw Biznesu","url":"https:\/\/iib.org.pl\/","logo":{"@type":"ImageObject","inLanguage":"pl-PL","@id":"https:\/\/iib.org.pl\/#\/schema\/logo\/image\/","url":"https:\/\/iib.org.pl\/wp-content\/uploads\/2022\/11\/iiblogo.png","contentUrl":"https:\/\/iib.org.pl\/wp-content\/uploads\/2022\/11\/iiblogo.png","width":171,"height":80,"caption":"Instytut Inicjatyw Biznesu"},"image":{"@id":"https:\/\/iib.org.pl\/#\/schema\/logo\/image\/"},"sameAs":["https:\/\/www.linkedin.com\/uas\/login?session_redirect=httpswww.linkedin.comcompanyinstytut-inicjatyw-biznesuaboutviewAsMembertrue","https:\/\/www.youtube.com\/channel\/UC7Z5-LUhh15BNbSciDBWt4A","https:\/\/www.facebook.com\/Instytut.Inicjatyw.Biznesu","https:\/\/twitter.com\/BiznesuInstytut"]}]}},"_links":{"self":[{"href":"https:\/\/iib.org.pl\/index.php\/wp-json\/wp\/v2\/pages\/1227"}],"collection":[{"href":"https:\/\/iib.org.pl\/index.php\/wp-json\/wp\/v2\/pages"}],"about":[{"href":"https:\/\/iib.org.pl\/index.php\/wp-json\/wp\/v2\/types\/page"}],"author":[{"embeddable":true,"href":"https:\/\/iib.org.pl\/index.php\/wp-json\/wp\/v2\/users\/1"}],"replies":[{"embeddable":true,"href":"https:\/\/iib.org.pl\/index.php\/wp-json\/wp\/v2\/comments?post=1227"}],"version-history":[{"count":101,"href":"https:\/\/iib.org.pl\/index.php\/wp-json\/wp\/v2\/pages\/1227\/revisions"}],"predecessor-version":[{"id":1348,"href":"https:\/\/iib.org.pl\/index.php\/wp-json\/wp\/v2\/pages\/1227\/revisions\/1348"}],"wp:attachment":[{"href":"https:\/\/iib.org.pl\/index.php\/wp-json\/wp\/v2\/media?parent=1227"}],"curies":[{"name":"wp","href":"https:\/\/api.w.org\/{rel}","templated":true}]}}