{"id":1218,"date":"2022-11-03T11:58:49","date_gmt":"2022-11-03T10:58:49","guid":{"rendered":"https:\/\/iib.org.pl\/?page_id=1218"},"modified":"2022-12-05T20:09:49","modified_gmt":"2022-12-05T19:09:49","slug":"wesprzyj-nas","status":"publish","type":"page","link":"https:\/\/iib.org.pl\/index.php\/wesprzyj-nas\/","title":{"rendered":"Wesprzyj nas"},"content":{"rendered":"[vc_row][vc_column][gt3_custom_text css_animation=&#8221;fadeInUpBig&#8221; text_color=&#8221;#5c656d&#8221; font_size=&#8221;20&#8243; line_height=&#8221;350&#8243;]\n<h1><strong>Darowizna na rzecz IIB<\/strong><\/h1>\n<p>Aby dokona\u0107 darowizny przelewem bankowym, prosimy post\u0119puj zgodnie z poni\u017csz\u0105 instrukcj\u0105:<\/p>\n<ol>\n<li>W tytule przelewu wpisz prosz\u0119: &#8220;Darowizna na cele statutowe IIB&#8221;<\/li>\n<li>Przelew zrealizuj na konto bankowe: <strong>11 1870 1045 2078 1075 1106 0001<\/strong> (<strong>IBAN: PL11 1870 1045 2078 1075 1106 0001<\/strong>)<\/li>\n<li>Opcjonalnie podaj prosz\u0119 nasze dane odbiorcy tj.: &#8221; Fundacja Instytut Inicjatyw Biznesu&#8221;<\/li>\n<\/ol>\n<p>&nbsp;<\/p>\n<p><strong>FUNDACJA INSTYTUT INICJATYW BIZNESU&nbsp;\n<\/ol>\n<p><\/strong>Adres siedziby: GABRIELA NARUTOWICZA 71&nbsp;<\/p>\n<p>21-500 BIA\u0141A PODLASKA&nbsp;<\/p>\n<p>tel. 884 800 034 \/\u00a0535 007 074&nbsp;<\/p>\n<div>kontakt@iib.org.pl<\/div>\n<p>NIP: 5372670277<\/p>\n<p>Konto: <strong>11 1870 1045 2078 1075 1106 0001<\/strong><\/p>\n<p>IBAN: <strong>PL11 1870 1045 2078 1075 1106 0001<\/strong><\/p>\n<p>BIC (SWIFT CODE): <strong>NESBPLPWFMB<\/strong><\/p>\n<div>Jeste\u015bmy wdzi\u0119czni za Twoje wp\u0142aty, kt\u00f3re mo\u017cesz odliczy\u0107 od swojego podatku. Dzi\u0119ki Twojemu wsparciu mo\u017cemy dalej si\u0119 rozwija\u0107 !<\/div>\n[\/gt3_custom_text][\/vc_column][\/vc_row]\n","protected":false},"excerpt":{"rendered":"<p>[vc_row][vc_column][gt3_custom_text css_animation=&#8221;fadeInUpBig&#8221; text_color=&#8221;#5c656d&#8221; font_size=&#8221;20&#8243; line_height=&#8221;350&#8243;] Darowizna na rzecz IIB Aby dokona\u0107 darowizny przelewem bankowym, prosimy post\u0119puj zgodnie z poni\u017csz\u0105 instrukcj\u0105: W tytule przelewu wpisz prosz\u0119: &#8220;Darowizna na cele statutowe IIB&#8221; Przelew zrealizuj na konto bankowe: 11 1870 1045 2078 1075 1106 0001 (IBAN: PL11 1870 1045 2078 1075 1106 0001) Opcjonalnie podaj prosz\u0119 nasze dane [&hellip;]<\/p>\n","protected":false},"author":1,"featured_media":0,"parent":0,"menu_order":0,"comment_status":"closed","ping_status":"open","template":"","meta":[],"yoast_head":"<!-- This site is optimized with the Yoast SEO plugin v19.11 - https:\/\/yoast.com\/wordpress\/plugins\/seo\/ -->\n<title>Wesprzyj nas - Instytut Inicjatyw Biznesu<\/title>\n<meta name=\"robots\" content=\"index, follow, max-snippet:-1, max-image-preview:large, max-video-preview:-1\" \/>\n<link rel=\"canonical\" href=\"https:\/\/iib.org.pl\/index.php\/wesprzyj-nas\/\" \/>\n<meta property=\"og:locale\" content=\"pl_PL\" \/>\n<meta property=\"og:type\" content=\"article\" \/>\n<meta property=\"og:title\" content=\"Wesprzyj nas - Instytut Inicjatyw Biznesu\" \/>\n<meta property=\"og:description\" content=\"[vc_row][vc_column][gt3_custom_text css_animation=&#8221;fadeInUpBig&#8221; text_color=&#8221;#5c656d&#8221; font_size=&#8221;20&#8243; line_height=&#8221;350&#8243;] Darowizna na rzecz IIB Aby dokona\u0107 darowizny przelewem bankowym, prosimy post\u0119puj zgodnie z poni\u017csz\u0105 instrukcj\u0105: W tytule przelewu wpisz prosz\u0119: &#8220;Darowizna na cele statutowe IIB&#8221; Przelew zrealizuj na konto bankowe: 11 1870 1045 2078 1075 1106 0001 (IBAN: PL11 1870 1045 2078 1075 1106 0001) Opcjonalnie podaj prosz\u0119 nasze dane [&hellip;]\" \/>\n<meta property=\"og:url\" content=\"https:\/\/iib.org.pl\/index.php\/wesprzyj-nas\/\" \/>\n<meta property=\"og:site_name\" content=\"Instytut Inicjatyw Biznesu\" \/>\n<meta property=\"article:publisher\" content=\"https:\/\/www.facebook.com\/Instytut.Inicjatyw.Biznesu\" \/>\n<meta property=\"article:modified_time\" content=\"2022-12-05T19:09:49+00:00\" \/>\n<meta name=\"twitter:card\" content=\"summary_large_image\" \/>\n<meta name=\"twitter:site\" content=\"@BiznesuInstytut\" \/>\n<meta name=\"twitter:label1\" content=\"Szacowany czas czytania\" \/>\n\t<meta name=\"twitter:data1\" content=\"1 minuta\" \/>\n<script type=\"application\/ld+json\" class=\"yoast-schema-graph\">{\"@context\":\"https:\/\/schema.org\",\"@graph\":[{\"@type\":\"WebPage\",\"@id\":\"https:\/\/iib.org.pl\/index.php\/wesprzyj-nas\/\",\"url\":\"https:\/\/iib.org.pl\/index.php\/wesprzyj-nas\/\",\"name\":\"Wesprzyj nas - Instytut Inicjatyw Biznesu\",\"isPartOf\":{\"@id\":\"https:\/\/iib.org.pl\/#website\"},\"datePublished\":\"2022-11-03T10:58:49+00:00\",\"dateModified\":\"2022-12-05T19:09:49+00:00\",\"breadcrumb\":{\"@id\":\"https:\/\/iib.org.pl\/index.php\/wesprzyj-nas\/#breadcrumb\"},\"inLanguage\":\"pl-PL\",\"potentialAction\":[{\"@type\":\"ReadAction\",\"target\":[\"https:\/\/iib.org.pl\/index.php\/wesprzyj-nas\/\"]}]},{\"@type\":\"BreadcrumbList\",\"@id\":\"https:\/\/iib.org.pl\/index.php\/wesprzyj-nas\/#breadcrumb\",\"itemListElement\":[{\"@type\":\"ListItem\",\"position\":1,\"name\":\"Strona g\u0142\u00f3wna\",\"item\":\"https:\/\/iib.org.pl\/\"},{\"@type\":\"ListItem\",\"position\":2,\"name\":\"Wesprzyj nas\"}]},{\"@type\":\"WebSite\",\"@id\":\"https:\/\/iib.org.pl\/#website\",\"url\":\"https:\/\/iib.org.pl\/\",\"name\":\"Instytut Inicjatyw Biznesu\",\"description\":\"Jeste\u015bmy przekonani, \u017ce prawdziwa transformacja MSP to proces, pracujemy dla Was kompleksowo. Realizujemy konsultacje biznesowe, przeprowadzamy audyt, wsp\u00f3lnie tworzymy projekt i strategi\u0119, wdra\u017camy autorskie narz\u0119dzia analityczne i digitalizujemy obszary Twojej firmy. Uzupe\u0142niamy Twoje kompetencj\u0119, stawiaj\u0105c do dyspozycji zesp\u00f3\u0142 ekspercki aby\u015b nie opiera\u0142 si\u0119 na intuicji a efektywnie rozwija\u0142 firm\u0119.\",\"publisher\":{\"@id\":\"https:\/\/iib.org.pl\/#organization\"},\"potentialAction\":[{\"@type\":\"SearchAction\",\"target\":{\"@type\":\"EntryPoint\",\"urlTemplate\":\"https:\/\/iib.org.pl\/?s={search_term_string}\"},\"query-input\":\"required name=search_term_string\"}],\"inLanguage\":\"pl-PL\"},{\"@type\":\"Organization\",\"@id\":\"https:\/\/iib.org.pl\/#organization\",\"name\":\"Instytut Inicjatyw Biznesu\",\"url\":\"https:\/\/iib.org.pl\/\",\"logo\":{\"@type\":\"ImageObject\",\"inLanguage\":\"pl-PL\",\"@id\":\"https:\/\/iib.org.pl\/#\/schema\/logo\/image\/\",\"url\":\"https:\/\/iib.org.pl\/wp-content\/uploads\/2022\/11\/iiblogo.png\",\"contentUrl\":\"https:\/\/iib.org.pl\/wp-content\/uploads\/2022\/11\/iiblogo.png\",\"width\":171,\"height\":80,\"caption\":\"Instytut Inicjatyw Biznesu\"},\"image\":{\"@id\":\"https:\/\/iib.org.pl\/#\/schema\/logo\/image\/\"},\"sameAs\":[\"https:\/\/www.linkedin.com\/uas\/login?session_redirect=httpswww.linkedin.comcompanyinstytut-inicjatyw-biznesuaboutviewAsMembertrue\",\"https:\/\/www.youtube.com\/channel\/UC7Z5-LUhh15BNbSciDBWt4A\",\"https:\/\/www.facebook.com\/Instytut.Inicjatyw.Biznesu\",\"https:\/\/twitter.com\/BiznesuInstytut\"]}]}<\/script>\n<!-- \/ Yoast SEO plugin. -->","yoast_head_json":{"title":"Wesprzyj nas - Instytut Inicjatyw Biznesu","robots":{"index":"index","follow":"follow","max-snippet":"max-snippet:-1","max-image-preview":"max-image-preview:large","max-video-preview":"max-video-preview:-1"},"canonical":"https:\/\/iib.org.pl\/index.php\/wesprzyj-nas\/","og_locale":"pl_PL","og_type":"article","og_title":"Wesprzyj nas - Instytut Inicjatyw Biznesu","og_description":"[vc_row][vc_column][gt3_custom_text css_animation=&#8221;fadeInUpBig&#8221; text_color=&#8221;#5c656d&#8221; font_size=&#8221;20&#8243; line_height=&#8221;350&#8243;] Darowizna na rzecz IIB Aby dokona\u0107 darowizny przelewem bankowym, prosimy post\u0119puj zgodnie z poni\u017csz\u0105 instrukcj\u0105: W tytule przelewu wpisz prosz\u0119: &#8220;Darowizna na cele statutowe IIB&#8221; Przelew zrealizuj na konto bankowe: 11 1870 1045 2078 1075 1106 0001 (IBAN: PL11 1870 1045 2078 1075 1106 0001) Opcjonalnie podaj prosz\u0119 nasze dane [&hellip;]","og_url":"https:\/\/iib.org.pl\/index.php\/wesprzyj-nas\/","og_site_name":"Instytut Inicjatyw Biznesu","article_publisher":"https:\/\/www.facebook.com\/Instytut.Inicjatyw.Biznesu","article_modified_time":"2022-12-05T19:09:49+00:00","twitter_card":"summary_large_image","twitter_site":"@BiznesuInstytut","twitter_misc":{"Szacowany czas czytania":"1 minuta"},"schema":{"@context":"https:\/\/schema.org","@graph":[{"@type":"WebPage","@id":"https:\/\/iib.org.pl\/index.php\/wesprzyj-nas\/","url":"https:\/\/iib.org.pl\/index.php\/wesprzyj-nas\/","name":"Wesprzyj nas - Instytut Inicjatyw Biznesu","isPartOf":{"@id":"https:\/\/iib.org.pl\/#website"},"datePublished":"2022-11-03T10:58:49+00:00","dateModified":"2022-12-05T19:09:49+00:00","breadcrumb":{"@id":"https:\/\/iib.org.pl\/index.php\/wesprzyj-nas\/#breadcrumb"},"inLanguage":"pl-PL","potentialAction":[{"@type":"ReadAction","target":["https:\/\/iib.org.pl\/index.php\/wesprzyj-nas\/"]}]},{"@type":"BreadcrumbList","@id":"https:\/\/iib.org.pl\/index.php\/wesprzyj-nas\/#breadcrumb","itemListElement":[{"@type":"ListItem","position":1,"name":"Strona g\u0142\u00f3wna","item":"https:\/\/iib.org.pl\/"},{"@type":"ListItem","position":2,"name":"Wesprzyj nas"}]},{"@type":"WebSite","@id":"https:\/\/iib.org.pl\/#website","url":"https:\/\/iib.org.pl\/","name":"Instytut Inicjatyw Biznesu","description":"Jeste\u015bmy przekonani, \u017ce prawdziwa transformacja MSP to proces, pracujemy dla Was kompleksowo. Realizujemy konsultacje biznesowe, przeprowadzamy audyt, wsp\u00f3lnie tworzymy projekt i strategi\u0119, wdra\u017camy autorskie narz\u0119dzia analityczne i digitalizujemy obszary Twojej firmy. Uzupe\u0142niamy Twoje kompetencj\u0119, stawiaj\u0105c do dyspozycji zesp\u00f3\u0142 ekspercki aby\u015b nie opiera\u0142 si\u0119 na intuicji a efektywnie rozwija\u0142 firm\u0119.","publisher":{"@id":"https:\/\/iib.org.pl\/#organization"},"potentialAction":[{"@type":"SearchAction","target":{"@type":"EntryPoint","urlTemplate":"https:\/\/iib.org.pl\/?s={search_term_string}"},"query-input":"required name=search_term_string"}],"inLanguage":"pl-PL"},{"@type":"Organization","@id":"https:\/\/iib.org.pl\/#organization","name":"Instytut Inicjatyw Biznesu","url":"https:\/\/iib.org.pl\/","logo":{"@type":"ImageObject","inLanguage":"pl-PL","@id":"https:\/\/iib.org.pl\/#\/schema\/logo\/image\/","url":"https:\/\/iib.org.pl\/wp-content\/uploads\/2022\/11\/iiblogo.png","contentUrl":"https:\/\/iib.org.pl\/wp-content\/uploads\/2022\/11\/iiblogo.png","width":171,"height":80,"caption":"Instytut Inicjatyw Biznesu"},"image":{"@id":"https:\/\/iib.org.pl\/#\/schema\/logo\/image\/"},"sameAs":["https:\/\/www.linkedin.com\/uas\/login?session_redirect=httpswww.linkedin.comcompanyinstytut-inicjatyw-biznesuaboutviewAsMembertrue","https:\/\/www.youtube.com\/channel\/UC7Z5-LUhh15BNbSciDBWt4A","https:\/\/www.facebook.com\/Instytut.Inicjatyw.Biznesu","https:\/\/twitter.com\/BiznesuInstytut"]}]}},"_links":{"self":[{"href":"https:\/\/iib.org.pl\/index.php\/wp-json\/wp\/v2\/pages\/1218"}],"collection":[{"href":"https:\/\/iib.org.pl\/index.php\/wp-json\/wp\/v2\/pages"}],"about":[{"href":"https:\/\/iib.org.pl\/index.php\/wp-json\/wp\/v2\/types\/page"}],"author":[{"embeddable":true,"href":"https:\/\/iib.org.pl\/index.php\/wp-json\/wp\/v2\/users\/1"}],"replies":[{"embeddable":true,"href":"https:\/\/iib.org.pl\/index.php\/wp-json\/wp\/v2\/comments?post=1218"}],"version-history":[{"count":2,"href":"https:\/\/iib.org.pl\/index.php\/wp-json\/wp\/v2\/pages\/1218\/revisions"}],"predecessor-version":[{"id":1822,"href":"https:\/\/iib.org.pl\/index.php\/wp-json\/wp\/v2\/pages\/1218\/revisions\/1822"}],"wp:attachment":[{"href":"https:\/\/iib.org.pl\/index.php\/wp-json\/wp\/v2\/media?parent=1218"}],"curies":[{"name":"wp","href":"https:\/\/api.w.org\/{rel}","templated":true}]}}